{"id":13,"date":"2020-10-27T05:03:16","date_gmt":"2020-10-27T08:03:16","guid":{"rendered":"http:\/\/seodo.themezinho.net\/?page_id=13"},"modified":"2024-04-25T10:56:02","modified_gmt":"2024-04-25T13:56:02","slug":"nossos-servicos","status":"publish","type":"page","link":"https:\/\/inplantagro.com.br\/en\/nossos-servicos\/","title":{"rendered":"Services"},"content":{"rendered":"<section class=\"wpb-content-wrapper\"><section  class=\"content-section\" ><div class=\"container\"><div class=\"vc_row wpb_row vc_row-fluid\"><div class=\"wpb_column vc_column_container vc_col-sm-12\"><div class=\"vc_column-inner\"><div class=\"wpb_wrapper\"><div class=\"vc_row wpb_row vc_inner vc_row-fluid\"><div class=\"wpb_column vc_column_container vc_col-sm-12\"><div class=\"vc_column-inner\"><div class=\"wpb_wrapper\"><div class=\"section-title\"  style='color:#212529;' >\n\t\n\t\n\t\n\t\n\t \t<figure> <img src=\"https:\/\/inplantagro.com.br\/wp-content\/themes\/seodo\/images\/section-title-shape.png\" alt=\"Image\"> <\/figure>\n\t\t\n    <h6> Services <\/h6>\n      <h2>Solu\u00e7\u00f5es Completas e Personalizadas para o Fornecimento de Mudas de Alta Qualidade, Saud\u00e1veis e com Fidelidade Gen\u00e9tica<\/h2>\n  \t\n\t <\/div>\n<\/div><\/div><\/div><\/div><div class=\"vc_row wpb_row vc_inner vc_row-fluid\"><div class=\"wpb_column vc_column_container vc_col-sm-12 vc_col-md-12\"><div class=\"vc_column-inner\"><div class=\"wpb_wrapper\"><div class=\"icon-box\" >\n  <figure> <img src=\"https:\/\/inplantagro.com.br\/wp-content\/uploads\/2020\/10\/icon01.png\" alt=\"icon01\"> <\/figure>\n  <div class=\"content\">\n        <h5>Fornecimento de Mudas Vigorosas e Saud\u00e1veis com Rastreabilidade Completa:<\/h5>\n<p>Na InPlant, garantimos o fornecimento de mudas vigorosas e saud\u00e1veis, com um rigoroso processo de rastreabilidade em toda a cadeia produtiva. Desde a sele\u00e7\u00e3o gen\u00e9tica at\u00e9 a entrega final, nosso controle de qualidade assegura que cada muda atenda aos mais altos padr\u00f5es de sa\u00fade e vigor, proporcionando aos nossos clientes a confian\u00e7a de que est\u00e3o recebendo produtos de excel\u00eancia.<\/p>\n      <\/div>\n  <!-- end content --> \n  \n<\/div>\n<div class=\"icon-box\" >\n  <figure> <img src=\"https:\/\/inplantagro.com.br\/wp-content\/uploads\/2020\/10\/icon02.png\" alt=\"icon02\"> <\/figure>\n  <div class=\"content\">\n        <h5>Assist\u00eancia Personalizada com Especialistas Dedicados:<\/h5>\n<p>Utilizamos tecnologias de ponta em biorreatores para acelerar o processo de multiplica\u00e7\u00e3o, maximizando a produ\u00e7\u00e3o enquanto minimizamos os custos, sem sacrificar a qualidade de nossas plantas.<\/p>\n      <\/div>\n  <!-- end content --> \n  \n<\/div>\n<div class=\"icon-box\" >\n  <figure> <img src=\"https:\/\/inplantagro.com.br\/wp-content\/uploads\/2020\/10\/icon07.png\" alt=\"icon07\"> <\/figure>\n  <div class=\"content\">\n        <h5>Projetos Sob Demanda para Cria\u00e7\u00e3o de Biof\u00e1bricas &#8216;On Site&#8217;<\/h5>\n<p>Desenvolvemos projetos sob demanda para a cria\u00e7\u00e3o de biof\u00e1bricas &#8216;on site&#8217;, visando a redu\u00e7\u00e3o de custos log\u00edsticos e de m\u00e3o de obra. Essa abordagem permite o fornecimento direto de mudas microporpagadas na fazenda, adaptadas especificamente \u00e0s condi\u00e7\u00f5es locais e \u00e0s necessidades de cada cliente, oferecendo uma solu\u00e7\u00e3o eficiente e econ\u00f4mica para produtores de todos os tamanhos.<\/p>\n      <\/div>\n  <!-- end content --> \n  \n<\/div>\n<div class=\"vc_empty_space\"   style=\"height: 32px\"><span class=\"vc_empty_space_inner\"><\/span><\/div>\n<div class=\"vc_grid-container-wrapper vc_clearfix vc_grid-animation-zoomIn\">\n\t<div class=\"vc_grid-container vc_clearfix wpb_content_element vc_masonry_media_grid\" data-initial-loading-animation=\"zoomIn\" data-vc-grid-settings=\"{&quot;page_id&quot;:13,&quot;style&quot;:&quot;all-masonry&quot;,&quot;action&quot;:&quot;vc_get_vc_grid_data&quot;,&quot;shortcode_id&quot;:&quot;1714053086696-366df80b-c71b-6&quot;,&quot;tag&quot;:&quot;vc_masonry_media_grid&quot;}\" data-vc-request=\"https:\/\/inplantagro.com.br\/wp-admin\/admin-ajax.php\" data-vc-post-id=\"13\" data-vc-public-nonce=\"b430267719\">\n\t\t\n\t<\/div>\n<\/div><\/div><\/div><\/div><\/div><\/div><\/div><\/div><\/div><\/div><\/section>\n<\/section>","protected":false},"excerpt":{"rendered":"Nossos servi\u00e7os Solu\u00e7\u00f5es Completas e Personalizadas para o Fornecimento de Mudas de Alta Qualidade, Saud\u00e1veis e com Fidelidade Gen\u00e9tica Fornecimento de Mudas Vigorosas e Saud\u00e1veis com Rastreabilidade Completa: Na InPlant, garantimos o fornecimento de mudas vigorosas e saud\u00e1veis, com um rigoroso processo de rastreabilidade em toda a cadeia produtiva. Desde a sele\u00e7\u00e3o gen\u00e9tica at\u00e9 a [...]","protected":false},"author":1,"featured_media":0,"parent":0,"menu_order":0,"comment_status":"closed","ping_status":"closed","template":"page-builder.php","meta":{"footnotes":"","_joinchat":[]},"yoast_head":"<!-- This site is optimized with the Yoast SEO plugin v20.10 - https:\/\/yoast.com\/wordpress\/plugins\/seo\/ -->\n<title>Nossos servi\u00e7os - Inplant<\/title>\n<meta name=\"robots\" content=\"index, follow, max-snippet:-1, max-image-preview:large, max-video-preview:-1\" \/>\n<link rel=\"canonical\" href=\"https:\/\/inplantagro.com.br\/en\/nossos-servicos\/\" \/>\n<meta property=\"og:locale\" content=\"en_US\" \/>\n<meta property=\"og:type\" content=\"article\" \/>\n<meta property=\"og:title\" content=\"Nossos servi\u00e7os - Inplant\" \/>\n<meta property=\"og:url\" content=\"https:\/\/inplantagro.com.br\/en\/nossos-servicos\/\" \/>\n<meta property=\"og:site_name\" content=\"Inplant\" \/>\n<meta property=\"article:modified_time\" content=\"2024-04-25T13:56:02+00:00\" \/>\n<meta name=\"twitter:card\" content=\"summary_large_image\" \/>\n<meta name=\"twitter:label1\" content=\"Est. reading time\" \/>\n\t<meta name=\"twitter:data1\" content=\"2 minutes\" \/>\n<script type=\"application\/ld+json\" class=\"yoast-schema-graph\">{\"@context\":\"https:\/\/schema.org\",\"@graph\":[{\"@type\":\"WebPage\",\"@id\":\"https:\/\/inplantagro.com.br\/nossos-servicos\/\",\"url\":\"https:\/\/inplantagro.com.br\/nossos-servicos\/\",\"name\":\"Nossos servi\u00e7os - Inplant\",\"isPartOf\":{\"@id\":\"https:\/\/inplantagro.com.br\/#website\"},\"datePublished\":\"2020-10-27T08:03:16+00:00\",\"dateModified\":\"2024-04-25T13:56:02+00:00\",\"breadcrumb\":{\"@id\":\"https:\/\/inplantagro.com.br\/nossos-servicos\/#breadcrumb\"},\"inLanguage\":\"en-US\",\"potentialAction\":[{\"@type\":\"ReadAction\",\"target\":[\"https:\/\/inplantagro.com.br\/nossos-servicos\/\"]}]},{\"@type\":\"BreadcrumbList\",\"@id\":\"https:\/\/inplantagro.com.br\/nossos-servicos\/#breadcrumb\",\"itemListElement\":[{\"@type\":\"ListItem\",\"position\":1,\"name\":\"In\u00edcio\",\"item\":\"https:\/\/inplantagro.com.br\/\"},{\"@type\":\"ListItem\",\"position\":2,\"name\":\"Nossos servi\u00e7os\"}]},{\"@type\":\"WebSite\",\"@id\":\"https:\/\/inplantagro.com.br\/#website\",\"url\":\"https:\/\/inplantagro.com.br\/\",\"name\":\"Inplant\",\"description\":\"Uma empresa especializada em tecnologias voltadas para a produ\u00e7\u00e3o de mudas micropropagadas in vitro, biorreatores de imers\u00e3o tempor\u00e1ria e projetos personalizados.\",\"potentialAction\":[{\"@type\":\"SearchAction\",\"target\":{\"@type\":\"EntryPoint\",\"urlTemplate\":\"https:\/\/inplantagro.com.br\/?s={search_term_string}\"},\"query-input\":\"required name=search_term_string\"}],\"inLanguage\":\"en-US\"}]}<\/script>\n<!-- \/ Yoast SEO plugin. -->","yoast_head_json":{"title":"Nossos servi\u00e7os - Inplant","robots":{"index":"index","follow":"follow","max-snippet":"max-snippet:-1","max-image-preview":"max-image-preview:large","max-video-preview":"max-video-preview:-1"},"canonical":"https:\/\/inplantagro.com.br\/en\/nossos-servicos\/","og_locale":"en_US","og_type":"article","og_title":"Nossos servi\u00e7os - Inplant","og_url":"https:\/\/inplantagro.com.br\/en\/nossos-servicos\/","og_site_name":"Inplant","article_modified_time":"2024-04-25T13:56:02+00:00","twitter_card":"summary_large_image","twitter_misc":{"Est. reading time":"2 minutes"},"schema":{"@context":"https:\/\/schema.org","@graph":[{"@type":"WebPage","@id":"https:\/\/inplantagro.com.br\/nossos-servicos\/","url":"https:\/\/inplantagro.com.br\/nossos-servicos\/","name":"Nossos servi\u00e7os - Inplant","isPartOf":{"@id":"https:\/\/inplantagro.com.br\/#website"},"datePublished":"2020-10-27T08:03:16+00:00","dateModified":"2024-04-25T13:56:02+00:00","breadcrumb":{"@id":"https:\/\/inplantagro.com.br\/nossos-servicos\/#breadcrumb"},"inLanguage":"en-US","potentialAction":[{"@type":"ReadAction","target":["https:\/\/inplantagro.com.br\/nossos-servicos\/"]}]},{"@type":"BreadcrumbList","@id":"https:\/\/inplantagro.com.br\/nossos-servicos\/#breadcrumb","itemListElement":[{"@type":"ListItem","position":1,"name":"In\u00edcio","item":"https:\/\/inplantagro.com.br\/"},{"@type":"ListItem","position":2,"name":"Nossos servi\u00e7os"}]},{"@type":"WebSite","@id":"https:\/\/inplantagro.com.br\/#website","url":"https:\/\/inplantagro.com.br\/","name":"Inplant","description":"Uma empresa especializada em tecnologias voltadas para a produ\u00e7\u00e3o de mudas micropropagadas in vitro, biorreatores de imers\u00e3o tempor\u00e1ria e projetos personalizados.","potentialAction":[{"@type":"SearchAction","target":{"@type":"EntryPoint","urlTemplate":"https:\/\/inplantagro.com.br\/?s={search_term_string}"},"query-input":"required name=search_term_string"}],"inLanguage":"en-US"}]}},"_links":{"self":[{"href":"https:\/\/inplantagro.com.br\/en\/wp-json\/wp\/v2\/pages\/13"}],"collection":[{"href":"https:\/\/inplantagro.com.br\/en\/wp-json\/wp\/v2\/pages"}],"about":[{"href":"https:\/\/inplantagro.com.br\/en\/wp-json\/wp\/v2\/types\/page"}],"author":[{"embeddable":true,"href":"https:\/\/inplantagro.com.br\/en\/wp-json\/wp\/v2\/users\/1"}],"replies":[{"embeddable":true,"href":"https:\/\/inplantagro.com.br\/en\/wp-json\/wp\/v2\/comments?post=13"}],"version-history":[{"count":23,"href":"https:\/\/inplantagro.com.br\/en\/wp-json\/wp\/v2\/pages\/13\/revisions"}],"predecessor-version":[{"id":733,"href":"https:\/\/inplantagro.com.br\/en\/wp-json\/wp\/v2\/pages\/13\/revisions\/733"}],"wp:attachment":[{"href":"https:\/\/inplantagro.com.br\/en\/wp-json\/wp\/v2\/media?parent=13"}],"curies":[{"name":"wp","href":"https:\/\/api.w.org\/{rel}","templated":true}]}}