{"id":17,"date":"2020-10-27T05:03:58","date_gmt":"2020-10-27T08:03:58","guid":{"rendered":"http:\/\/seodo.themezinho.net\/?page_id=17"},"modified":"2024-04-22T10:16:44","modified_gmt":"2024-04-22T13:16:44","slug":"mvv","status":"publish","type":"page","link":"https:\/\/inplantagro.com.br\/en\/mvv\/","title":{"rendered":"MVV"},"content":{"rendered":"<section class=\"wpb-content-wrapper\"><section  class=\"content-section\" ><div class=\"container\"><div class=\"vc_row wpb_row vc_row-fluid\"><div class=\"wpb_column vc_column_container vc_col-sm-12\"><div class=\"vc_column-inner\"><div class=\"wpb_wrapper\"><div class=\"vc_row wpb_row vc_inner vc_row-fluid\"><div class=\"wpb_column vc_column_container vc_col-sm-12\"><div class=\"vc_column-inner\"><div class=\"wpb_wrapper\"><div class=\"section-title  text-left\"  style='color:#212529;' >\n\t\n\t\n\t\n\t\n\t \t<figure> <img src=\"https:\/\/inplantagro.com.br\/wp-content\/themes\/seodo\/images\/section-title-shape.png\" alt=\"Image\"> <\/figure>\n\t\t\n      <h2>Miss\u00e3o, vis\u00e3o e valores<\/h2>\n  \t\n\t <\/div>\n<\/div><\/div><\/div><\/div><div class=\"vc_row wpb_row vc_inner vc_row-fluid\"><div class=\"wpb_column vc_column_container vc_col-sm-12\"><div class=\"vc_column-inner\"><div class=\"wpb_wrapper\"><div style='color:;' class=\"text-box\" > <h5><img decoding=\"async\" loading=\"lazy\" class=\"alignnone size-full wp-image-722\" src=\"https:\/\/inplantagro.com.br\/wp-content\/uploads\/2024\/04\/missao.jpg\" alt=\"\" width=\"128\" height=\"126\" srcset=\"https:\/\/inplantagro.com.br\/wp-content\/uploads\/2024\/04\/missao.jpg 128w, https:\/\/inplantagro.com.br\/wp-content\/uploads\/2024\/04\/missao-12x12.jpg 12w\" sizes=\"(max-width: 128px) 100vw, 128px\" \/><\/h5>\n<h5>Miss\u00e3o:<\/h5>\n<p>Cultivamos a excel\u00eancia em nosso trabalho, priorizando qualidade e inova\u00e7\u00e3o sustent\u00e1vel. Contribu\u00edmos para o desenvolvimento no agroneg\u00f3cio, focando na satisfa\u00e7\u00e3o dos clientes.<\/p>\n<h5><img decoding=\"async\" loading=\"lazy\" class=\"alignnone size-full wp-image-724\" src=\"https:\/\/inplantagro.com.br\/wp-content\/uploads\/2024\/04\/visao.jpg\" alt=\"\" width=\"128\" height=\"126\" srcset=\"https:\/\/inplantagro.com.br\/wp-content\/uploads\/2024\/04\/visao.jpg 128w, https:\/\/inplantagro.com.br\/wp-content\/uploads\/2024\/04\/visao-12x12.jpg 12w\" sizes=\"(max-width: 128px) 100vw, 128px\" \/><\/h5>\n<h5>Vis\u00e3o:<\/h5>\n<p>Liderar e moldar o futuro da agricultura com biotecnologia avan\u00e7ada, cultivando padr\u00f5es excepcionais e inova\u00e7\u00e3o no mercado de produ\u00e7\u00e3o de mudas de alta qualidade.<\/p>\n<blockquote><p>\n\u201cNossa vis\u00e3o de compromisso com a sustentabilidade \u00e9 a raiz do crescimento consciente\u201d\n<\/p><\/blockquote>\n<h5><img decoding=\"async\" loading=\"lazy\" class=\"alignnone size-full wp-image-725\" src=\"https:\/\/inplantagro.com.br\/wp-content\/uploads\/2024\/04\/valores.jpg\" alt=\"\" width=\"128\" height=\"126\" srcset=\"https:\/\/inplantagro.com.br\/wp-content\/uploads\/2024\/04\/valores.jpg 128w, https:\/\/inplantagro.com.br\/wp-content\/uploads\/2024\/04\/valores-12x12.jpg 12w\" sizes=\"(max-width: 128px) 100vw, 128px\" \/><\/h5>\n<h5>Valores:<\/h5>\n<ul>\n<li><strong>Inclus\u00e3o e Valoriza\u00e7\u00e3o Humanas:<\/strong> Buscamos lideran\u00e7a inovadora, responsabilidade social, promovendo a inclus\u00e3o e valoriza\u00e7\u00e3o humana. Reconhecemos nas pessoas a for\u00e7a propulsora desses valores, cultivando um ambiente que celebra o crescimento, diversidade e colabora\u00e7\u00e3o. Alcan\u00e7amos a satisfa\u00e7\u00e3o do cliente atrav\u00e9s do comprometimento e paix\u00e3o da equipe, superando expectativas e construindo relacionamentos duradouros.<\/li>\n<li><strong>Compromisso Sustent\u00e1vel e Social:<\/strong> Comprometemo-nos integralmente com a sustentabilidade e a responsabilidade social. Nossas a\u00e7\u00f5es s\u00e3o intrinsecamente sustent\u00e1veis, e nosso compromisso ativo com o bem-estar das comunidades reflete nossa vis\u00e3o, construindo um futuro agr\u00edcola mais saud\u00e1vel e equilibrado.<\/li>\n<li><strong>Inova\u00e7\u00e3o e Excel\u00eancia:<\/strong> Estabelecemos uma s\u00f3lida promessa de liderar por meio da inova\u00e7\u00e3o, inspirando a eleva\u00e7\u00e3o constante de padr\u00f5es e promovendo um ambiente de aprendizado cont\u00ednuo. Nosso compromisso com a excel\u00eancia permeia todos os aspectos do trabalho, estabelecendo padr\u00f5es elevados de qualidade, efici\u00eancia e integridade em todas as opera\u00e7\u00f5es.<\/li>\n<li><strong>\u00c9tica, Respeito e Transpar\u00eancia:<\/strong> Nossa conduta \u00e9 fundamentada em princ\u00edpios \u00e9ticos inabal\u00e1veis, guiando todas as nossas intera\u00e7\u00f5es e decis\u00f5es. Valorizamos e respeitamos cada indiv\u00edduo, seja membro da nossa equipe ou cliente, promovendo um ambiente de trabalho inclusivo e rela\u00e7\u00f5es externas baseadas no respeito m\u00fatuo. A transpar\u00eancia \u00e9 a ess\u00eancia de nossa comunica\u00e7\u00e3o, assegurando que cada a\u00e7\u00e3o seja clara, compreens\u00edvel e alinhada aos mais altos padr\u00f5es \u00e9ticos.<\/li>\n<\/ul>\n <\/div>\n<\/div><\/div><\/div><\/div><\/div><\/div><\/div><\/div><\/div><\/section>\n<\/section>","protected":false},"excerpt":{"rendered":"Miss\u00e3o, vis\u00e3o e valores Miss\u00e3o: Cultivamos a excel\u00eancia em nosso trabalho, priorizando qualidade e inova\u00e7\u00e3o sustent\u00e1vel. Contribu\u00edmos para o desenvolvimento no agroneg\u00f3cio, focando na satisfa\u00e7\u00e3o dos clientes. Vis\u00e3o: Liderar e moldar o futuro da agricultura com biotecnologia avan\u00e7ada, cultivando padr\u00f5es excepcionais e inova\u00e7\u00e3o no mercado de produ\u00e7\u00e3o de mudas de alta qualidade. \u201cNossa vis\u00e3o de [...]","protected":false},"author":1,"featured_media":0,"parent":0,"menu_order":0,"comment_status":"closed","ping_status":"closed","template":"page-builder.php","meta":{"footnotes":"","_joinchat":[]},"yoast_head":"<!-- This site is optimized with the Yoast SEO plugin v20.10 - https:\/\/yoast.com\/wordpress\/plugins\/seo\/ -->\n<title>MVV - Inplant<\/title>\n<meta name=\"robots\" content=\"index, follow, max-snippet:-1, max-image-preview:large, max-video-preview:-1\" \/>\n<link rel=\"canonical\" href=\"https:\/\/inplantagro.com.br\/en\/mvv\/\" \/>\n<meta property=\"og:locale\" content=\"en_US\" \/>\n<meta property=\"og:type\" content=\"article\" \/>\n<meta property=\"og:title\" content=\"MVV - Inplant\" \/>\n<meta property=\"og:url\" content=\"https:\/\/inplantagro.com.br\/en\/mvv\/\" \/>\n<meta property=\"og:site_name\" content=\"Inplant\" \/>\n<meta property=\"article:modified_time\" content=\"2024-04-22T13:16:44+00:00\" \/>\n<meta property=\"og:image\" content=\"https:\/\/inplantagro.com.br\/wp-content\/uploads\/2024\/04\/missao.jpg\" \/>\n<meta name=\"twitter:card\" content=\"summary_large_image\" \/>\n<meta name=\"twitter:label1\" content=\"Est. reading time\" \/>\n\t<meta name=\"twitter:data1\" content=\"3 minutes\" \/>\n<script type=\"application\/ld+json\" class=\"yoast-schema-graph\">{\"@context\":\"https:\/\/schema.org\",\"@graph\":[{\"@type\":\"WebPage\",\"@id\":\"https:\/\/inplantagro.com.br\/mvv\/\",\"url\":\"https:\/\/inplantagro.com.br\/mvv\/\",\"name\":\"MVV - Inplant\",\"isPartOf\":{\"@id\":\"https:\/\/inplantagro.com.br\/#website\"},\"datePublished\":\"2020-10-27T08:03:58+00:00\",\"dateModified\":\"2024-04-22T13:16:44+00:00\",\"breadcrumb\":{\"@id\":\"https:\/\/inplantagro.com.br\/mvv\/#breadcrumb\"},\"inLanguage\":\"en-US\",\"potentialAction\":[{\"@type\":\"ReadAction\",\"target\":[\"https:\/\/inplantagro.com.br\/mvv\/\"]}]},{\"@type\":\"BreadcrumbList\",\"@id\":\"https:\/\/inplantagro.com.br\/mvv\/#breadcrumb\",\"itemListElement\":[{\"@type\":\"ListItem\",\"position\":1,\"name\":\"In\u00edcio\",\"item\":\"https:\/\/inplantagro.com.br\/\"},{\"@type\":\"ListItem\",\"position\":2,\"name\":\"MVV\"}]},{\"@type\":\"WebSite\",\"@id\":\"https:\/\/inplantagro.com.br\/#website\",\"url\":\"https:\/\/inplantagro.com.br\/\",\"name\":\"Inplant\",\"description\":\"Uma empresa especializada em tecnologias voltadas para a produ\u00e7\u00e3o de mudas micropropagadas in vitro, biorreatores de imers\u00e3o tempor\u00e1ria e projetos personalizados.\",\"potentialAction\":[{\"@type\":\"SearchAction\",\"target\":{\"@type\":\"EntryPoint\",\"urlTemplate\":\"https:\/\/inplantagro.com.br\/?s={search_term_string}\"},\"query-input\":\"required name=search_term_string\"}],\"inLanguage\":\"en-US\"}]}<\/script>\n<!-- \/ Yoast SEO plugin. -->","yoast_head_json":{"title":"MVV - Inplant","robots":{"index":"index","follow":"follow","max-snippet":"max-snippet:-1","max-image-preview":"max-image-preview:large","max-video-preview":"max-video-preview:-1"},"canonical":"https:\/\/inplantagro.com.br\/en\/mvv\/","og_locale":"en_US","og_type":"article","og_title":"MVV - Inplant","og_url":"https:\/\/inplantagro.com.br\/en\/mvv\/","og_site_name":"Inplant","article_modified_time":"2024-04-22T13:16:44+00:00","og_image":[{"url":"https:\/\/inplantagro.com.br\/wp-content\/uploads\/2024\/04\/missao.jpg"}],"twitter_card":"summary_large_image","twitter_misc":{"Est. reading time":"3 minutes"},"schema":{"@context":"https:\/\/schema.org","@graph":[{"@type":"WebPage","@id":"https:\/\/inplantagro.com.br\/mvv\/","url":"https:\/\/inplantagro.com.br\/mvv\/","name":"MVV - Inplant","isPartOf":{"@id":"https:\/\/inplantagro.com.br\/#website"},"datePublished":"2020-10-27T08:03:58+00:00","dateModified":"2024-04-22T13:16:44+00:00","breadcrumb":{"@id":"https:\/\/inplantagro.com.br\/mvv\/#breadcrumb"},"inLanguage":"en-US","potentialAction":[{"@type":"ReadAction","target":["https:\/\/inplantagro.com.br\/mvv\/"]}]},{"@type":"BreadcrumbList","@id":"https:\/\/inplantagro.com.br\/mvv\/#breadcrumb","itemListElement":[{"@type":"ListItem","position":1,"name":"In\u00edcio","item":"https:\/\/inplantagro.com.br\/"},{"@type":"ListItem","position":2,"name":"MVV"}]},{"@type":"WebSite","@id":"https:\/\/inplantagro.com.br\/#website","url":"https:\/\/inplantagro.com.br\/","name":"Inplant","description":"Uma empresa especializada em tecnologias voltadas para a produ\u00e7\u00e3o de mudas micropropagadas in vitro, biorreatores de imers\u00e3o tempor\u00e1ria e projetos personalizados.","potentialAction":[{"@type":"SearchAction","target":{"@type":"EntryPoint","urlTemplate":"https:\/\/inplantagro.com.br\/?s={search_term_string}"},"query-input":"required name=search_term_string"}],"inLanguage":"en-US"}]}},"_links":{"self":[{"href":"https:\/\/inplantagro.com.br\/en\/wp-json\/wp\/v2\/pages\/17"}],"collection":[{"href":"https:\/\/inplantagro.com.br\/en\/wp-json\/wp\/v2\/pages"}],"about":[{"href":"https:\/\/inplantagro.com.br\/en\/wp-json\/wp\/v2\/types\/page"}],"author":[{"embeddable":true,"href":"https:\/\/inplantagro.com.br\/en\/wp-json\/wp\/v2\/users\/1"}],"replies":[{"embeddable":true,"href":"https:\/\/inplantagro.com.br\/en\/wp-json\/wp\/v2\/comments?post=17"}],"version-history":[{"count":8,"href":"https:\/\/inplantagro.com.br\/en\/wp-json\/wp\/v2\/pages\/17\/revisions"}],"predecessor-version":[{"id":726,"href":"https:\/\/inplantagro.com.br\/en\/wp-json\/wp\/v2\/pages\/17\/revisions\/726"}],"wp:attachment":[{"href":"https:\/\/inplantagro.com.br\/en\/wp-json\/wp\/v2\/media?parent=17"}],"curies":[{"name":"wp","href":"https:\/\/api.w.org\/{rel}","templated":true}]}}