{"id":26,"date":"2020-10-27T05:05:37","date_gmt":"2020-10-27T08:05:37","guid":{"rendered":"http:\/\/seodo.themezinho.net\/?page_id=26"},"modified":"2024-04-17T14:43:01","modified_gmt":"2024-04-17T17:43:01","slug":"contato","status":"publish","type":"page","link":"https:\/\/inplantagro.com.br\/en\/contato\/","title":{"rendered":"Contact"},"content":{"rendered":"<section class=\"wpb-content-wrapper\"><section  class=\"content-section\" ><div class=\"container\"><div class=\"vc_row wpb_row vc_row-fluid\"><div class=\"wpb_column vc_column_container vc_col-sm-12\"><div class=\"vc_column-inner\"><div class=\"wpb_wrapper\"><div class=\"section-title\"  style='color:#212529;' >\n\t\n\t\n\t\n\t\n\t \t<figure> <img src=\"https:\/\/inplantagro.com.br\/wp-content\/themes\/seodo\/images\/section-title-shape.png\" alt=\"Image\"> <\/figure>\n\t\t\n    <h6> Veja como voc\u00ea pode entrar em contato <\/h6>\n      <h2>Entre em contato conosco<\/h2>\n  \t\n\t <\/div>\n<div class=\"vc_row wpb_row vc_inner vc_row-fluid\"><div class=\"wpb_column vc_column_container vc_col-sm-6 vc_col-md-6\"><div class=\"vc_column-inner\"><div class=\"wpb_wrapper\">\n<div class=\"wpcf7 no-js\" id=\"wpcf7-f7-o1\" lang=\"pt-BR\" dir=\"ltr\">\n<div class=\"screen-reader-response\"><p role=\"status\" aria-live=\"polite\" aria-atomic=\"true\"><\/p> <ul><\/ul><\/div>\n<form action=\"\/en\/wp-json\/wp\/v2\/pages\/26#wpcf7-f7-o1\" method=\"post\" class=\"wpcf7-form init\" aria-label=\"Formul\u00e1rios de contato\" novalidate=\"novalidate\" data-status=\"init\" data-trp-original-action=\"\/en\/wp-json\/wp\/v2\/pages\/26#wpcf7-f7-o1\">\n<div style=\"display: none;\">\n<input type=\"hidden\" name=\"_wpcf7\" value=\"7\" \/>\n<input type=\"hidden\" name=\"_wpcf7_version\" value=\"5.8\" \/>\n<input type=\"hidden\" name=\"_wpcf7_locale\" value=\"pt_BR\" \/>\n<input type=\"hidden\" name=\"_wpcf7_unit_tag\" value=\"wpcf7-f7-o1\" \/>\n<input type=\"hidden\" name=\"_wpcf7_container_post\" value=\"0\" \/>\n<input type=\"hidden\" name=\"_wpcf7_posted_data_hash\" value=\"\" \/>\n<\/div>\n<div class=\"row\">\n\t<div class=\"col-md-6\">\n\t\t<p><label>Nome*<\/label><br \/>\n<span class=\"wpcf7-form-control-wrap\" data-name=\"nome\"><input size=\"40\" class=\"wpcf7-form-control wpcf7-text wpcf7-validates-as-required form-control\" aria-required=\"true\" aria-invalid=\"false\" value=\"\" type=\"text\" name=\"nome\" \/><\/span>\n\t\t<\/p>\n\t<\/div>\n\t<div class=\"col-md-6\">\n\t\t<p><label>E-mail*<\/label><br \/>\n<span class=\"wpcf7-form-control-wrap\" data-name=\"email\"><input size=\"40\" class=\"wpcf7-form-control wpcf7-email wpcf7-validates-as-required wpcf7-text wpcf7-validates-as-email form-control\" aria-required=\"true\" aria-invalid=\"false\" value=\"\" type=\"email\" name=\"email\" \/><\/span>\n\t\t<\/p>\n\t<\/div>\n\t<div class=\"col-md-6\" style=\"margin-top:20px;\">\n\t\t<p><label>Telefone*<\/label><br \/>\n<span class=\"wpcf7-form-control-wrap\" data-name=\"telefone\"><input size=\"40\" class=\"wpcf7-form-control wpcf7-text wpcf7-validates-as-required form-control\" aria-required=\"true\" aria-invalid=\"false\" placeholder=\"com DDD\" value=\"\" type=\"text\" name=\"telefone\" \/><\/span>\n\t\t<\/p>\n\t<\/div>\n\t<div class=\"col-md-6\" style=\"margin-top:20px;\">\n\t\t<p><label>Assunto*<\/label><br \/>\n<span class=\"wpcf7-form-control-wrap\" data-name=\"assunto\"><input size=\"40\" class=\"wpcf7-form-control wpcf7-text wpcf7-validates-as-required form-control\" aria-required=\"true\" aria-invalid=\"false\" value=\"\" type=\"text\" name=\"assunto\" \/><\/span>\n\t\t<\/p>\n\t<\/div>\n\t<div class=\"col-md-12\" style=\"margin-top:20px;\">\n\t\t<p><label>Mensagem*<\/label><br \/>\n<span class=\"wpcf7-form-control-wrap\" data-name=\"mensagem\"><textarea cols=\"40\" rows=\"10\" class=\"wpcf7-form-control wpcf7-textarea wpcf7-validates-as-required form-control\" aria-required=\"true\" aria-invalid=\"false\" name=\"mensagem\"><\/textarea><\/span>\n\t\t<\/p>\n\t<\/div>\n\t<div class=\"col-md-12\" style=\"margin-top:20px;\">\n\t\t<p><input class=\"wpcf7-form-control wpcf7-submit has-spinner\" type=\"submit\" value=\"Enviar\" \/>\n\t\t<\/p>\n\t<\/div>\n<\/div><div class=\"wpcf7-response-output\" aria-hidden=\"true\"><\/div>\n<input type=\"hidden\" name=\"trp-form-language\" value=\"en\"\/><\/form>\n<\/div>\n<\/div><\/div><\/div><div class=\"wpb_column vc_column_container vc_col-sm-6\"><div class=\"vc_column-inner\"><div class=\"wpb_wrapper\"><div class=\"contact-box\" >\n  <figure><img src=\"https:\/\/inplantagro.com.br\/wp-content\/uploads\/2024\/04\/whats-icon.png\" alt=\"whats-icon\"> <\/figure>\n  <div class=\"content\">\n    <h6>Whatsapp<\/h6>\n    <p>19 98175-1523<\/p>\n  <\/div>\n<\/div>\n<div class=\"contact-box\" >\n  <figure><img src=\"https:\/\/inplantagro.com.br\/wp-content\/uploads\/2024\/04\/email-icon.png\" alt=\"email-icon\"> <\/figure>\n  <div class=\"content\">\n    <h6>Email<\/h6>\n    <p>contato@inplantagro.com.br<\/p>\n  <\/div>\n<\/div>\n<div class=\"contact-box\" >\n  <figure><img src=\"https:\/\/inplantagro.com.br\/wp-content\/uploads\/2024\/04\/redes-sociais-icon.png\" alt=\"redes-sociais-icon\"> <\/figure>\n  <div class=\"content\">\n    <h6>Redes sociais<\/h6>\n    <p>@inplant.agro<\/p>\n  <\/div>\n<\/div>\n<\/div><\/div><\/div><\/div><\/div><\/div><\/div><\/div><\/div><\/section><section  class=\"content-section no-spacing\" ><div class=\"vc_row wpb_row vc_row-fluid vc_custom_1603818230001\"><div class=\"wpb_column vc_column_container vc_col-sm-12\"><div class=\"vc_column-inner vc_custom_1712779046627\"><div class=\"wpb_wrapper\">            <div class=\"google-maps\" >\n\t\t\t\t\n\t\t\t\n                <iframe src=\"https:\/\/www.google.com\/maps\/embed?pb=!1m18!1m12!1m3!1d3680.4181136895663!2d-47.645789523908284!3d-22.71269563096474!2m3!1f0!2f0!3f0!3m2!1i1024!2i768!4f13.1!3m3!1m2!1s0x6deeed74cc4f5871%3A0xfe6f47dde94c813b!2sInPlant%20Agro!5e0!3m2!1spt-BR!2sbr!4v1712775204257!5m2!1spt-BR!2sbr\" width=\"100%\" height=\"520px\" frameborder=\"0\" allowfullscreen><\/iframe>\n            <\/div>\n\n\t\t\t<\/div><\/div><\/div><\/div><\/section>\n<\/section>","protected":false},"excerpt":{"rendered":"Veja como voc\u00ea pode entrar em contato Entre em contato conosco Nome* E-mail* Telefone* Assunto* Mensagem* Whatsapp 19 98175-1523 Email contato@inplantagro.com.br Redes sociais @inplant.agro","protected":false},"author":1,"featured_media":0,"parent":0,"menu_order":0,"comment_status":"closed","ping_status":"closed","template":"page-builder.php","meta":{"footnotes":"","_joinchat":[]},"yoast_head":"<!-- This site is optimized with the Yoast SEO plugin v20.10 - https:\/\/yoast.com\/wordpress\/plugins\/seo\/ -->\n<title>Contato - Inplant<\/title>\n<meta name=\"robots\" content=\"index, follow, max-snippet:-1, max-image-preview:large, max-video-preview:-1\" \/>\n<link rel=\"canonical\" href=\"https:\/\/inplantagro.com.br\/en\/contato\/\" \/>\n<meta property=\"og:locale\" content=\"en_US\" \/>\n<meta property=\"og:type\" content=\"article\" \/>\n<meta property=\"og:title\" content=\"Contato - Inplant\" \/>\n<meta property=\"og:url\" content=\"https:\/\/inplantagro.com.br\/en\/contato\/\" \/>\n<meta property=\"og:site_name\" content=\"Inplant\" \/>\n<meta property=\"article:modified_time\" content=\"2024-04-17T17:43:01+00:00\" \/>\n<meta name=\"twitter:card\" content=\"summary_large_image\" \/>\n<meta name=\"twitter:label1\" content=\"Est. reading time\" \/>\n\t<meta name=\"twitter:data1\" content=\"1 minute\" \/>\n<script type=\"application\/ld+json\" class=\"yoast-schema-graph\">{\"@context\":\"https:\/\/schema.org\",\"@graph\":[{\"@type\":\"WebPage\",\"@id\":\"https:\/\/inplantagro.com.br\/contato\/\",\"url\":\"https:\/\/inplantagro.com.br\/contato\/\",\"name\":\"Contato - Inplant\",\"isPartOf\":{\"@id\":\"https:\/\/inplantagro.com.br\/#website\"},\"datePublished\":\"2020-10-27T08:05:37+00:00\",\"dateModified\":\"2024-04-17T17:43:01+00:00\",\"breadcrumb\":{\"@id\":\"https:\/\/inplantagro.com.br\/contato\/#breadcrumb\"},\"inLanguage\":\"en-US\",\"potentialAction\":[{\"@type\":\"ReadAction\",\"target\":[\"https:\/\/inplantagro.com.br\/contato\/\"]}]},{\"@type\":\"BreadcrumbList\",\"@id\":\"https:\/\/inplantagro.com.br\/contato\/#breadcrumb\",\"itemListElement\":[{\"@type\":\"ListItem\",\"position\":1,\"name\":\"In\u00edcio\",\"item\":\"https:\/\/inplantagro.com.br\/\"},{\"@type\":\"ListItem\",\"position\":2,\"name\":\"Contato\"}]},{\"@type\":\"WebSite\",\"@id\":\"https:\/\/inplantagro.com.br\/#website\",\"url\":\"https:\/\/inplantagro.com.br\/\",\"name\":\"Inplant\",\"description\":\"Uma empresa especializada em tecnologias voltadas para a produ\u00e7\u00e3o de mudas micropropagadas in vitro, biorreatores de imers\u00e3o tempor\u00e1ria e projetos personalizados.\",\"potentialAction\":[{\"@type\":\"SearchAction\",\"target\":{\"@type\":\"EntryPoint\",\"urlTemplate\":\"https:\/\/inplantagro.com.br\/?s={search_term_string}\"},\"query-input\":\"required name=search_term_string\"}],\"inLanguage\":\"en-US\"}]}<\/script>\n<!-- \/ Yoast SEO plugin. -->","yoast_head_json":{"title":"Contato - Inplant","robots":{"index":"index","follow":"follow","max-snippet":"max-snippet:-1","max-image-preview":"max-image-preview:large","max-video-preview":"max-video-preview:-1"},"canonical":"https:\/\/inplantagro.com.br\/en\/contato\/","og_locale":"en_US","og_type":"article","og_title":"Contato - Inplant","og_url":"https:\/\/inplantagro.com.br\/en\/contato\/","og_site_name":"Inplant","article_modified_time":"2024-04-17T17:43:01+00:00","twitter_card":"summary_large_image","twitter_misc":{"Est. reading time":"1 minute"},"schema":{"@context":"https:\/\/schema.org","@graph":[{"@type":"WebPage","@id":"https:\/\/inplantagro.com.br\/contato\/","url":"https:\/\/inplantagro.com.br\/contato\/","name":"Contato - Inplant","isPartOf":{"@id":"https:\/\/inplantagro.com.br\/#website"},"datePublished":"2020-10-27T08:05:37+00:00","dateModified":"2024-04-17T17:43:01+00:00","breadcrumb":{"@id":"https:\/\/inplantagro.com.br\/contato\/#breadcrumb"},"inLanguage":"en-US","potentialAction":[{"@type":"ReadAction","target":["https:\/\/inplantagro.com.br\/contato\/"]}]},{"@type":"BreadcrumbList","@id":"https:\/\/inplantagro.com.br\/contato\/#breadcrumb","itemListElement":[{"@type":"ListItem","position":1,"name":"In\u00edcio","item":"https:\/\/inplantagro.com.br\/"},{"@type":"ListItem","position":2,"name":"Contato"}]},{"@type":"WebSite","@id":"https:\/\/inplantagro.com.br\/#website","url":"https:\/\/inplantagro.com.br\/","name":"Inplant","description":"Uma empresa especializada em tecnologias voltadas para a produ\u00e7\u00e3o de mudas micropropagadas in vitro, biorreatores de imers\u00e3o tempor\u00e1ria e projetos personalizados.","potentialAction":[{"@type":"SearchAction","target":{"@type":"EntryPoint","urlTemplate":"https:\/\/inplantagro.com.br\/?s={search_term_string}"},"query-input":"required name=search_term_string"}],"inLanguage":"en-US"}]}},"_links":{"self":[{"href":"https:\/\/inplantagro.com.br\/en\/wp-json\/wp\/v2\/pages\/26"}],"collection":[{"href":"https:\/\/inplantagro.com.br\/en\/wp-json\/wp\/v2\/pages"}],"about":[{"href":"https:\/\/inplantagro.com.br\/en\/wp-json\/wp\/v2\/types\/page"}],"author":[{"embeddable":true,"href":"https:\/\/inplantagro.com.br\/en\/wp-json\/wp\/v2\/users\/1"}],"replies":[{"embeddable":true,"href":"https:\/\/inplantagro.com.br\/en\/wp-json\/wp\/v2\/comments?post=26"}],"version-history":[{"count":19,"href":"https:\/\/inplantagro.com.br\/en\/wp-json\/wp\/v2\/pages\/26\/revisions"}],"predecessor-version":[{"id":618,"href":"https:\/\/inplantagro.com.br\/en\/wp-json\/wp\/v2\/pages\/26\/revisions\/618"}],"wp:attachment":[{"href":"https:\/\/inplantagro.com.br\/en\/wp-json\/wp\/v2\/media?parent=26"}],"curies":[{"name":"wp","href":"https:\/\/api.w.org\/{rel}","templated":true}]}}