{"id":3,"date":"2020-07-30T21:47:41","date_gmt":"2020-07-31T00:47:41","guid":{"rendered":"https:\/\/inplantagro.com.br\/?page_id=3"},"modified":"2023-08-12T08:08:32","modified_gmt":"2023-08-12T11:08:32","slug":"politica-de-privacidade-e-cookies","status":"publish","type":"page","link":"https:\/\/inplantagro.com.br\/en\/politica-de-privacidade-e-cookies\/","title":{"rendered":"Pol\u00edtica de Privacidade e Cookies"},"content":{"rendered":"<p>A leitura desta Pol\u00edtica de Cookies \u00e9 necess\u00e1ria para que voc\u00ea saiba como usamos cookies.<\/p>\r\n<p>Quando voc\u00ea navega em nosso site, voc\u00ea poder\u00e1 ser convidado a preencher algumas informa\u00e7\u00f5es:<\/p>\r\n<p>A <strong>InPlant\u00a0<\/strong>\u00e9 uma empresa \u00fanica que produz desde as mudas at\u00e9 os \u00f3leos essenciais e extratos vegetais de alta qualidade atendo o mercado Agro, ind\u00fastrias aliment\u00edcias, cosm\u00e9ticas e f\u00e1rmaco.<\/p>\r\n<p>\u00c9 importante considerar que a <strong>Inplant<\/strong> poder\u00e1 realizar atualiza\u00e7\u00f5es em suas Pol\u00edticas de Cookies e, se em alguma das atualiza\u00e7\u00f5es voc\u00ea, na qualidade de usu\u00e1rio, discordar de nossas Pol\u00edticas de Uso de Cookies, sugerimos que voc\u00ea n\u00e3o navegue mais em nossa plataforma e ainda, quando necess\u00e1rio, entre em contato conosco para tirar as suas d\u00favidas.<\/p>\r\n<p>Quando voc\u00ea acessar a nossa p\u00e1gina e estiver logado em nosso sistema, poder\u00e3o ser coletados dados destinados a determinar seus interesses, as suas p\u00e1ginas visitadas, a frequ\u00eancia das visitas, sistema operacional e navegador utilizados. Para tanto, cookies poder\u00e3o ser instalados em seu navegador.<\/p>\r\n<p><strong>E voc\u00ea sabe por que os cookies s\u00e3o usados?<\/strong><br \/>As p\u00e1ginas da web n\u00e3o t\u00eam mem\u00f3ria pr\u00f3pria. Se estiver navegando de uma p\u00e1gina a outra, num mesmo website, voc\u00ea n\u00e3o ser\u00e1 reconhecido como sendo o mesmo usu\u00e1rio em todas as p\u00e1ginas. Os cookies permitem que voc\u00ea seja reconhecido como o mesmo usu\u00e1rio navegando pelas p\u00e1ginas de um website. Os cookies permitem que suas escolhas sejam memorizadas tais como seu idioma, moeda de prefer\u00eancia e seus crit\u00e9rios de busca. Eles tamb\u00e9m garantem que voc\u00ea seja reconhecido ao acessar novamente o mesmo website.<\/p>\r\n<p>Existem alguns tipos de Cookies, por exemplo, os cookies que s\u00e3o estabelecidos pelo site, cookies que s\u00e3o definidos por terceiros.<\/p>\r\n<p>Importante voc\u00ea, na qualidade de usu\u00e1rio do site, deve ter o conhecimento de que existem os cookies tempor\u00e1rios, ou seja, aqueles que n\u00e3o permanecem, s\u00e3o expirados assim que voc\u00ea fechar o navegador.<\/p>\r\n<p>Al\u00e9m diss, existem os cookies voltados para publicidade, assim, eles direcionam an\u00fancios conforme os seus interesses.<\/p>\r\n<h4 class=\"wp-block-heading\"><strong>Consentimento<\/strong><\/h4>\r\n<p>Para que ocorra a instala\u00e7\u00e3o dos cookies exemplificados acima, \u00e9 preciso o seu consentimento, por isso, sinta-se livre para aceitar ou rejeitar os Cookies (o banner de alerta dever\u00e1 aparecer em sua tela). A qualquer momento voc\u00ea poder\u00e1 alterar, bloquear ou recusar os Cookies.<\/p>\r\n<p>Lembre-se que para n\u00f3s, \u00e9 fundamental que voc\u00ea leia atentamente a nossa Pol\u00edtica de Uso de Cookies e, em caso de d\u00favidas, n\u00e3o hesite em entrar em contato atrav\u00e9s do nosso e-mail contato@inplantagro.com.br<\/p>","protected":false},"excerpt":{"rendered":"<p>A leitura desta Pol\u00edtica de Cookies \u00e9 necess\u00e1ria para que voc\u00ea saiba como usamos cookies. Quando voc\u00ea navega em nosso site, voc\u00ea poder\u00e1 ser convidado a preencher algumas informa\u00e7\u00f5es: A InPlant\u00a0\u00e9 uma empresa \u00fanica que produz desde as mudas at\u00e9 os \u00f3leos essenciais e extratos vegetais de alta qualidade atendo o mercado Agro, ind\u00fastrias aliment\u00edcias, [&hellip;]<\/p>","protected":false},"author":1,"featured_media":0,"parent":0,"menu_order":0,"comment_status":"closed","ping_status":"closed","template":"","meta":{"footnotes":"","_joinchat":[]},"yoast_head":"<!-- This site is optimized with the Yoast SEO plugin v20.10 - https:\/\/yoast.com\/wordpress\/plugins\/seo\/ -->\n<title>Pol\u00edtica de Privacidade e Cookies - Inplant<\/title>\n<meta name=\"robots\" content=\"index, follow, max-snippet:-1, max-image-preview:large, max-video-preview:-1\" \/>\n<link rel=\"canonical\" href=\"https:\/\/inplantagro.com.br\/en\/politica-de-privacidade-e-cookies\/\" \/>\n<meta property=\"og:locale\" content=\"en_US\" \/>\n<meta property=\"og:type\" content=\"article\" \/>\n<meta property=\"og:title\" content=\"Pol\u00edtica de Privacidade e Cookies - Inplant\" \/>\n<meta property=\"og:description\" content=\"A leitura desta Pol\u00edtica de Cookies \u00e9 necess\u00e1ria para que voc\u00ea saiba como usamos cookies. Quando voc\u00ea navega em nosso site, voc\u00ea poder\u00e1 ser convidado a preencher algumas informa\u00e7\u00f5es: A InPlant\u00a0\u00e9 uma empresa \u00fanica que produz desde as mudas at\u00e9 os \u00f3leos essenciais e extratos vegetais de alta qualidade atendo o mercado Agro, ind\u00fastrias aliment\u00edcias, [&hellip;]\" \/>\n<meta property=\"og:url\" content=\"https:\/\/inplantagro.com.br\/en\/politica-de-privacidade-e-cookies\/\" \/>\n<meta property=\"og:site_name\" content=\"Inplant\" \/>\n<meta property=\"article:modified_time\" content=\"2023-08-12T11:08:32+00:00\" \/>\n<meta name=\"twitter:card\" content=\"summary_large_image\" \/>\n<meta name=\"twitter:label1\" content=\"Est. reading time\" \/>\n\t<meta name=\"twitter:data1\" content=\"3 minutes\" \/>\n<script type=\"application\/ld+json\" class=\"yoast-schema-graph\">{\"@context\":\"https:\/\/schema.org\",\"@graph\":[{\"@type\":\"WebPage\",\"@id\":\"https:\/\/inplantagro.com.br\/politica-de-privacidade-e-cookies\/\",\"url\":\"https:\/\/inplantagro.com.br\/politica-de-privacidade-e-cookies\/\",\"name\":\"Pol\u00edtica de Privacidade e Cookies - Inplant\",\"isPartOf\":{\"@id\":\"https:\/\/inplantagro.com.br\/#website\"},\"datePublished\":\"2020-07-31T00:47:41+00:00\",\"dateModified\":\"2023-08-12T11:08:32+00:00\",\"breadcrumb\":{\"@id\":\"https:\/\/inplantagro.com.br\/politica-de-privacidade-e-cookies\/#breadcrumb\"},\"inLanguage\":\"en-US\",\"potentialAction\":[{\"@type\":\"ReadAction\",\"target\":[\"https:\/\/inplantagro.com.br\/politica-de-privacidade-e-cookies\/\"]}]},{\"@type\":\"BreadcrumbList\",\"@id\":\"https:\/\/inplantagro.com.br\/politica-de-privacidade-e-cookies\/#breadcrumb\",\"itemListElement\":[{\"@type\":\"ListItem\",\"position\":1,\"name\":\"In\u00edcio\",\"item\":\"https:\/\/inplantagro.com.br\/\"},{\"@type\":\"ListItem\",\"position\":2,\"name\":\"Pol\u00edtica de Privacidade e Cookies\"}]},{\"@type\":\"WebSite\",\"@id\":\"https:\/\/inplantagro.com.br\/#website\",\"url\":\"https:\/\/inplantagro.com.br\/\",\"name\":\"Inplant\",\"description\":\"Uma empresa especializada em tecnologias voltadas para a produ\u00e7\u00e3o de mudas micropropagadas in vitro, biorreatores de imers\u00e3o tempor\u00e1ria e projetos personalizados.\",\"potentialAction\":[{\"@type\":\"SearchAction\",\"target\":{\"@type\":\"EntryPoint\",\"urlTemplate\":\"https:\/\/inplantagro.com.br\/?s={search_term_string}\"},\"query-input\":\"required name=search_term_string\"}],\"inLanguage\":\"en-US\"}]}<\/script>\n<!-- \/ Yoast SEO plugin. -->","yoast_head_json":{"title":"Pol\u00edtica de Privacidade e Cookies - Inplant","robots":{"index":"index","follow":"follow","max-snippet":"max-snippet:-1","max-image-preview":"max-image-preview:large","max-video-preview":"max-video-preview:-1"},"canonical":"https:\/\/inplantagro.com.br\/en\/politica-de-privacidade-e-cookies\/","og_locale":"en_US","og_type":"article","og_title":"Pol\u00edtica de Privacidade e Cookies - Inplant","og_description":"A leitura desta Pol\u00edtica de Cookies \u00e9 necess\u00e1ria para que voc\u00ea saiba como usamos cookies. Quando voc\u00ea navega em nosso site, voc\u00ea poder\u00e1 ser convidado a preencher algumas informa\u00e7\u00f5es: A InPlant\u00a0\u00e9 uma empresa \u00fanica que produz desde as mudas at\u00e9 os \u00f3leos essenciais e extratos vegetais de alta qualidade atendo o mercado Agro, ind\u00fastrias aliment\u00edcias, [&hellip;]","og_url":"https:\/\/inplantagro.com.br\/en\/politica-de-privacidade-e-cookies\/","og_site_name":"Inplant","article_modified_time":"2023-08-12T11:08:32+00:00","twitter_card":"summary_large_image","twitter_misc":{"Est. reading time":"3 minutes"},"schema":{"@context":"https:\/\/schema.org","@graph":[{"@type":"WebPage","@id":"https:\/\/inplantagro.com.br\/politica-de-privacidade-e-cookies\/","url":"https:\/\/inplantagro.com.br\/politica-de-privacidade-e-cookies\/","name":"Pol\u00edtica de Privacidade e Cookies - Inplant","isPartOf":{"@id":"https:\/\/inplantagro.com.br\/#website"},"datePublished":"2020-07-31T00:47:41+00:00","dateModified":"2023-08-12T11:08:32+00:00","breadcrumb":{"@id":"https:\/\/inplantagro.com.br\/politica-de-privacidade-e-cookies\/#breadcrumb"},"inLanguage":"en-US","potentialAction":[{"@type":"ReadAction","target":["https:\/\/inplantagro.com.br\/politica-de-privacidade-e-cookies\/"]}]},{"@type":"BreadcrumbList","@id":"https:\/\/inplantagro.com.br\/politica-de-privacidade-e-cookies\/#breadcrumb","itemListElement":[{"@type":"ListItem","position":1,"name":"In\u00edcio","item":"https:\/\/inplantagro.com.br\/"},{"@type":"ListItem","position":2,"name":"Pol\u00edtica de Privacidade e Cookies"}]},{"@type":"WebSite","@id":"https:\/\/inplantagro.com.br\/#website","url":"https:\/\/inplantagro.com.br\/","name":"Inplant","description":"Uma empresa especializada em tecnologias voltadas para a produ\u00e7\u00e3o de mudas micropropagadas in vitro, biorreatores de imers\u00e3o tempor\u00e1ria e projetos personalizados.","potentialAction":[{"@type":"SearchAction","target":{"@type":"EntryPoint","urlTemplate":"https:\/\/inplantagro.com.br\/?s={search_term_string}"},"query-input":"required name=search_term_string"}],"inLanguage":"en-US"}]}},"_links":{"self":[{"href":"https:\/\/inplantagro.com.br\/en\/wp-json\/wp\/v2\/pages\/3"}],"collection":[{"href":"https:\/\/inplantagro.com.br\/en\/wp-json\/wp\/v2\/pages"}],"about":[{"href":"https:\/\/inplantagro.com.br\/en\/wp-json\/wp\/v2\/types\/page"}],"author":[{"embeddable":true,"href":"https:\/\/inplantagro.com.br\/en\/wp-json\/wp\/v2\/users\/1"}],"replies":[{"embeddable":true,"href":"https:\/\/inplantagro.com.br\/en\/wp-json\/wp\/v2\/comments?post=3"}],"version-history":[{"count":6,"href":"https:\/\/inplantagro.com.br\/en\/wp-json\/wp\/v2\/pages\/3\/revisions"}],"predecessor-version":[{"id":31,"href":"https:\/\/inplantagro.com.br\/en\/wp-json\/wp\/v2\/pages\/3\/revisions\/31"}],"wp:attachment":[{"href":"https:\/\/inplantagro.com.br\/en\/wp-json\/wp\/v2\/media?parent=3"}],"curies":[{"name":"wp","href":"https:\/\/api.w.org\/{rel}","templated":true}]}}