{"id":454,"date":"2020-10-27T05:05:27","date_gmt":"2020-10-27T08:05:27","guid":{"rendered":"http:\/\/seodo.themezinho.net\/?page_id=24"},"modified":"2024-04-22T12:26:05","modified_gmt":"2024-04-22T15:26:05","slug":"sobre-nos","status":"publish","type":"page","link":"https:\/\/inplantagro.com.br\/en\/sobre-nos\/","title":{"rendered":"About us"},"content":{"rendered":"<section class=\"wpb-content-wrapper\"><section  class=\"content-section no-spacing\" ><div class=\"container\"><div class=\"vc_row wpb_row vc_row-fluid vc_custom_1603886300690\"><div class=\"wpb_column vc_column_container vc_col-sm-12\"><div class=\"vc_column-inner\"><div class=\"wpb_wrapper\"><div class=\"vc_row wpb_row vc_inner vc_row-fluid vc_row-o-content-middle vc_row-flex\"><div class=\"wpb_column vc_column_container vc_col-sm-6 vc_col-md-12\"><div class=\"vc_column-inner\"><div class=\"wpb_wrapper\"><div class=\"section-title\"  style='color:#212529;' >\n\t\n\t\n\t\n\t\n\t \t<figure> <img src=\"https:\/\/inplantagro.com.br\/wp-content\/themes\/seodo\/images\/section-title-shape.png\" alt=\"Image\"> <\/figure>\n\t\t\n      <h2>Quem somos?<\/h2>\n  \t\n\t <\/div>\n\n\n\n\n<div class=\"side-content left\" >\n  \t<p style=\"text-align: center;\">A InPlant \u00e9 o resultado da sinergia entre especialistas em agronomia, produ\u00e7\u00e3o vegetal e tecnologia, demonstrando uma expertise abrangente nas intricadas \u00e1reas de produ\u00e7\u00e3o de mudas.<\/p>\n<p style=\"text-align: center;\">Nossa jornada teve in\u00edcio com uma marcante conquista em um desafio proposto pela NASA, motivando-nos a inovar com t\u00e9cnicas avan\u00e7adas para a produ\u00e7\u00e3o de alimentos no espa\u00e7o.<\/p>\n      <\/div>\n<\/div><\/div><\/div><\/div><div class=\"vc_empty_space\"   style=\"height: 50px\"><span class=\"vc_empty_space_inner\"><\/span><\/div><div class=\"vc_row wpb_row vc_inner vc_row-fluid vc_row-o-content-middle vc_row-flex\"><div class=\"wpb_column vc_column_container vc_col-sm-3\"><div class=\"vc_column-inner\"><div class=\"wpb_wrapper\">\n\t<div  class=\"wpb_single_image wpb_content_element vc_align_center\">\n\t\t\n\t\t<figure class=\"wpb_wrapper vc_figure\">\n\t\t\t<div class=\"vc_single_image-wrapper vc_box_circle  vc_box_border_grey\"><img width=\"150\" height=\"150\" src=\"https:\/\/inplantagro.com.br\/wp-content\/uploads\/2024\/04\/equipe-1-150x150.jpg\" class=\"vc_single_image-img attachment-thumbnail\" alt=\"\" decoding=\"async\" title=\"equipe-1\" loading=\"lazy\" \/><\/div>\n\t\t<\/figure>\n\t<\/div>\n\n\t<div class=\"wpb_text_column wpb_content_element\" >\n\t\t<div class=\"wpb_wrapper\">\n\t\t\t<p style=\"text-align: center;\"><strong>Christian Demetrio<\/strong><br \/>\nEng\u00ba da Computa\u00e7\u00e3o S\u00f3cio fundador e CEO da InPlant<\/p>\n\n\t\t<\/div>\n\t<\/div>\n<\/div><\/div><\/div><div class=\"wpb_column vc_column_container vc_col-sm-3\"><div class=\"vc_column-inner\"><div class=\"wpb_wrapper\">\n\t<div  class=\"wpb_single_image wpb_content_element vc_align_center\">\n\t\t\n\t\t<figure class=\"wpb_wrapper vc_figure\">\n\t\t\t<div class=\"vc_single_image-wrapper vc_box_circle  vc_box_border_grey\"><img width=\"150\" height=\"150\" src=\"https:\/\/inplantagro.com.br\/wp-content\/uploads\/2024\/04\/equipe-2-150x150.jpg\" class=\"vc_single_image-img attachment-thumbnail\" alt=\"\" decoding=\"async\" title=\"equipe-2\" loading=\"lazy\" \/><\/div>\n\t\t<\/figure>\n\t<\/div>\n\n\t<div class=\"wpb_text_column wpb_content_element\" >\n\t\t<div class=\"wpb_wrapper\">\n\t\t\t<p style=\"text-align: center;\"><strong>J\u00e9ssica Jacob<\/strong><br \/>\nEng\u00aa Agr\u00f4noma Diretora cient\u00edfica laboratorial<\/p>\n\n\t\t<\/div>\n\t<\/div>\n<\/div><\/div><\/div><div class=\"wpb_column vc_column_container vc_col-sm-3\"><div class=\"vc_column-inner\"><div class=\"wpb_wrapper\">\n\t<div  class=\"wpb_single_image wpb_content_element vc_align_center\">\n\t\t\n\t\t<figure class=\"wpb_wrapper vc_figure\">\n\t\t\t<div class=\"vc_single_image-wrapper vc_box_circle  vc_box_border_grey\"><img width=\"150\" height=\"150\" src=\"https:\/\/inplantagro.com.br\/wp-content\/uploads\/2024\/04\/equipe-3-150x150.jpg\" class=\"vc_single_image-img attachment-thumbnail\" alt=\"\" decoding=\"async\" title=\"equipe-3\" loading=\"lazy\" \/><\/div>\n\t\t<\/figure>\n\t<\/div>\n\n\t<div class=\"wpb_text_column wpb_content_element\" >\n\t\t<div class=\"wpb_wrapper\">\n\t\t\t<p style=\"text-align: center;\"><strong>Enrico Mucciolo<\/strong><br \/>\nEng\u00ba Agr\u00f4nomo Diretor cient\u00edfico de campo<\/p>\n\n\t\t<\/div>\n\t<\/div>\n<\/div><\/div><\/div><div class=\"wpb_column vc_column_container vc_col-sm-3\"><div class=\"vc_column-inner\"><div class=\"wpb_wrapper\">\n\t<div  class=\"wpb_single_image wpb_content_element vc_align_center\">\n\t\t\n\t\t<figure class=\"wpb_wrapper vc_figure\">\n\t\t\t<div class=\"vc_single_image-wrapper vc_box_circle  vc_box_border_grey\"><img width=\"150\" height=\"150\" src=\"https:\/\/inplantagro.com.br\/wp-content\/uploads\/2024\/04\/equipe-4-150x150.jpg\" class=\"vc_single_image-img attachment-thumbnail\" alt=\"\" decoding=\"async\" title=\"equipe-4\" loading=\"lazy\" \/><\/div>\n\t\t<\/figure>\n\t<\/div>\n\n\t<div class=\"wpb_text_column wpb_content_element\" >\n\t\t<div class=\"wpb_wrapper\">\n\t\t\t<p style=\"text-align: center;\"><strong>Julia Demetrio<\/strong><br \/>\nAux. administrativo<\/p>\n\n\t\t<\/div>\n\t<\/div>\n<\/div><\/div><\/div><\/div><\/div><\/div><\/div><\/div><\/div><\/section><section  class=\"content-section no-spacing\" ><div class=\"container\"><div class=\"vc_row wpb_row vc_row-fluid vc_custom_1603886300690\"><div class=\"wpb_column vc_column_container vc_col-sm-12\"><div class=\"vc_column-inner\"><div class=\"wpb_wrapper\"><div class=\"vc_row wpb_row vc_inner vc_row-fluid vc_row-o-content-middle vc_row-flex\"><div class=\"wpb_column vc_column_container vc_col-sm-12 vc_col-md-6\"><div class=\"vc_column-inner\"><div class=\"wpb_wrapper\"><div class=\"side-slider\" >\n\t<div class=\"slider\">\n  <div class=\"swiper-wrapper\">\n            <div class=\"swiper-slide\"> <img src=\"https:\/\/inplantagro.com.br\/wp-content\/uploads\/2024\/04\/o-que-fazemos-2.jpg\" alt=\"\"> <\/div>\n                <div class=\"swiper-slide\"> <img src=\"https:\/\/inplantagro.com.br\/wp-content\/uploads\/2024\/04\/o-que-fazemos-3.jpg\" alt=\"\"> <\/div>\n                <div class=\"swiper-slide\"> <img src=\"https:\/\/inplantagro.com.br\/wp-content\/uploads\/2024\/04\/o-que-fazemos-1-1.jpg\" alt=\"\"> <\/div>\n          <\/div>\n  <!-- end swiper-wrapper -->\n  <div class=\"swiper-pagination\"><\/div>\n  <!-- end swiper-pagination --> \n\t\n\t\t \t\t\n       \n\t\t<\/div>\n\t<!-- end slider -->\n<\/div>\n<!-- end side-slider -->\n\n<\/div><\/div><\/div><div class=\"wpb_column vc_column_container vc_col-sm-12 vc_col-md-6\"><div class=\"vc_column-inner\"><div class=\"wpb_wrapper\"><div class=\"section-title  text-left\"  style='color:#212529;' >\n\t\n\t\n\t\n\t\n\t \t<figure> <img src=\"https:\/\/inplantagro.com.br\/wp-content\/themes\/seodo\/images\/section-title-shape.png\" alt=\"Image\"> <\/figure>\n\t\t\n      <h2>O que fazemos?<\/h2>\n  \t\n\t <\/div>\n\n\n\n\n<div class=\"side-content left\" >\n  \t<p>Personalizamos as condi\u00e7\u00f5es de cultivo de forma meticulosa, adaptando-as especificamente \u00e0s necessidades de cada cultura.<\/p>\n<p>Nosso enfoque abrange desde a aplica\u00e7\u00e3o de avan\u00e7adas ferramentas biotecnol\u00f3gicas na produ\u00e7\u00e3o criteriosa de mudas at\u00e9 o cultivo em ambientes controlados, assegurando um rigoroso padr\u00e3o de sanidade e qualidade em todas as fases do processo.<\/p>\n      <\/div>\n<\/div><\/div><\/div><\/div><\/div><\/div><\/div><\/div><\/div><\/section><section  class=\"content-section no-spacing\" ><div class=\"container\"><div class=\"vc_row wpb_row vc_row-fluid vc_custom_1603886300690\"><div class=\"wpb_column vc_column_container vc_col-sm-12\"><div class=\"vc_column-inner\"><div class=\"wpb_wrapper\"><div class=\"vc_row wpb_row vc_inner vc_row-fluid vc_row-o-content-middle vc_row-flex\"><div class=\"wpb_column vc_column_container vc_col-sm-1 vc_col-md-12\"><div class=\"vc_column-inner\"><div class=\"wpb_wrapper\"><div class=\"section-title\"  style='color:#212529;' >\n\t\n\t\n\t\n\t\n\t \t<figure> <img src=\"https:\/\/inplantagro.com.br\/wp-content\/themes\/seodo\/images\/section-title-shape.png\" alt=\"Image\"> <\/figure>\n\t\t\n      <h2>Como fazemos?<\/h2>\n  \t\n\t <\/div>\n\n\n\n\n<div class=\"side-content left\" >\n  \t<p style=\"text-align: center;\">Possu\u00edmos um laborat\u00f3rio de micropropaga\u00e7\u00e3o de plantas, onde selecionamos e clonamos as melhores matrizes, assumindo controle total do processo.<\/p>\n<p style=\"text-align: center;\">Todas as etapas, desde a produ\u00e7\u00e3o das mudas at\u00e9 o processamento final, s\u00e3o realizadas internamente, assegurando a excel\u00eancia e pureza de nossos produtos. Incubados pela Esalqtec e com o suporte cont\u00ednuo da WBGI, nossa expertise tem ra\u00edzes no laborat\u00f3rio de cultura de tecidos vegetais da Esalq\/USP.<\/p>\n      <\/div>\n<div class=\"vc_empty_space\"   style=\"height: 50px\"><span class=\"vc_empty_space_inner\"><\/span><\/div>\n<div class=\"vc_grid-container-wrapper vc_clearfix vc_grid-animation-zoomIn\">\n\t<div class=\"vc_grid-container vc_clearfix wpb_content_element vc_masonry_media_grid\" data-initial-loading-animation=\"zoomIn\" data-vc-grid-settings=\"{&quot;page_id&quot;:454,&quot;style&quot;:&quot;all-masonry&quot;,&quot;action&quot;:&quot;vc_get_vc_grid_data&quot;,&quot;shortcode_id&quot;:&quot;1713799566195-c18a13d9-fa73-4&quot;,&quot;tag&quot;:&quot;vc_masonry_media_grid&quot;}\" data-vc-request=\"https:\/\/inplantagro.com.br\/wp-admin\/admin-ajax.php\" data-vc-post-id=\"454\" data-vc-public-nonce=\"c2fa86ebc6\">\n\t\t\n\t<\/div>\n<\/div><div class=\"vc_empty_space\"   style=\"height: 80px\"><span class=\"vc_empty_space_inner\"><\/span><\/div><\/div><\/div><\/div><\/div><\/div><\/div><\/div><\/div><\/div><\/section>\n<\/section>","protected":false},"excerpt":{"rendered":"Quem somos? A InPlant \u00e9 o resultado da sinergia entre especialistas em agronomia, produ\u00e7\u00e3o vegetal e tecnologia, demonstrando uma expertise abrangente nas intricadas \u00e1reas de produ\u00e7\u00e3o de mudas. Nossa jornada teve in\u00edcio com uma marcante conquista em um desafio proposto pela NASA, motivando-nos a inovar com t\u00e9cnicas avan\u00e7adas para a produ\u00e7\u00e3o de alimentos no espa\u00e7o. [...]","protected":false},"author":1,"featured_media":0,"parent":0,"menu_order":0,"comment_status":"closed","ping_status":"closed","template":"page-builder.php","meta":{"footnotes":"","_joinchat":[]},"yoast_head":"<!-- This site is optimized with the Yoast SEO plugin v20.10 - https:\/\/yoast.com\/wordpress\/plugins\/seo\/ -->\n<title>Sobre n\u00f3s - Inplant<\/title>\n<meta name=\"robots\" content=\"index, follow, max-snippet:-1, max-image-preview:large, max-video-preview:-1\" \/>\n<link rel=\"canonical\" href=\"https:\/\/inplantagro.com.br\/en\/sobre-nos\/\" \/>\n<meta property=\"og:locale\" content=\"en_US\" \/>\n<meta property=\"og:type\" content=\"article\" \/>\n<meta property=\"og:title\" content=\"Sobre n\u00f3s - Inplant\" \/>\n<meta property=\"og:url\" content=\"https:\/\/inplantagro.com.br\/en\/sobre-nos\/\" \/>\n<meta property=\"og:site_name\" content=\"Inplant\" \/>\n<meta property=\"article:modified_time\" content=\"2024-04-22T15:26:05+00:00\" \/>\n<meta name=\"twitter:card\" content=\"summary_large_image\" \/>\n<meta name=\"twitter:label1\" content=\"Est. reading time\" \/>\n\t<meta name=\"twitter:data1\" content=\"6 minutes\" \/>\n<script type=\"application\/ld+json\" class=\"yoast-schema-graph\">{\"@context\":\"https:\/\/schema.org\",\"@graph\":[{\"@type\":\"WebPage\",\"@id\":\"https:\/\/inplantagro.com.br\/sobre-nos\/\",\"url\":\"https:\/\/inplantagro.com.br\/sobre-nos\/\",\"name\":\"Sobre n\u00f3s - Inplant\",\"isPartOf\":{\"@id\":\"https:\/\/inplantagro.com.br\/#website\"},\"datePublished\":\"2020-10-27T08:05:27+00:00\",\"dateModified\":\"2024-04-22T15:26:05+00:00\",\"breadcrumb\":{\"@id\":\"https:\/\/inplantagro.com.br\/sobre-nos\/#breadcrumb\"},\"inLanguage\":\"en-US\",\"potentialAction\":[{\"@type\":\"ReadAction\",\"target\":[\"https:\/\/inplantagro.com.br\/sobre-nos\/\"]}]},{\"@type\":\"BreadcrumbList\",\"@id\":\"https:\/\/inplantagro.com.br\/sobre-nos\/#breadcrumb\",\"itemListElement\":[{\"@type\":\"ListItem\",\"position\":1,\"name\":\"In\u00edcio\",\"item\":\"https:\/\/inplantagro.com.br\/\"},{\"@type\":\"ListItem\",\"position\":2,\"name\":\"Sobre n\u00f3s\"}]},{\"@type\":\"WebSite\",\"@id\":\"https:\/\/inplantagro.com.br\/#website\",\"url\":\"https:\/\/inplantagro.com.br\/\",\"name\":\"Inplant\",\"description\":\"Uma empresa especializada em tecnologias voltadas para a produ\u00e7\u00e3o de mudas micropropagadas in vitro, biorreatores de imers\u00e3o tempor\u00e1ria e projetos personalizados.\",\"potentialAction\":[{\"@type\":\"SearchAction\",\"target\":{\"@type\":\"EntryPoint\",\"urlTemplate\":\"https:\/\/inplantagro.com.br\/?s={search_term_string}\"},\"query-input\":\"required name=search_term_string\"}],\"inLanguage\":\"en-US\"}]}<\/script>\n<!-- \/ Yoast SEO plugin. -->","yoast_head_json":{"title":"Sobre n\u00f3s - Inplant","robots":{"index":"index","follow":"follow","max-snippet":"max-snippet:-1","max-image-preview":"max-image-preview:large","max-video-preview":"max-video-preview:-1"},"canonical":"https:\/\/inplantagro.com.br\/en\/sobre-nos\/","og_locale":"en_US","og_type":"article","og_title":"Sobre n\u00f3s - Inplant","og_url":"https:\/\/inplantagro.com.br\/en\/sobre-nos\/","og_site_name":"Inplant","article_modified_time":"2024-04-22T15:26:05+00:00","twitter_card":"summary_large_image","twitter_misc":{"Est. reading time":"6 minutes"},"schema":{"@context":"https:\/\/schema.org","@graph":[{"@type":"WebPage","@id":"https:\/\/inplantagro.com.br\/sobre-nos\/","url":"https:\/\/inplantagro.com.br\/sobre-nos\/","name":"Sobre n\u00f3s - Inplant","isPartOf":{"@id":"https:\/\/inplantagro.com.br\/#website"},"datePublished":"2020-10-27T08:05:27+00:00","dateModified":"2024-04-22T15:26:05+00:00","breadcrumb":{"@id":"https:\/\/inplantagro.com.br\/sobre-nos\/#breadcrumb"},"inLanguage":"en-US","potentialAction":[{"@type":"ReadAction","target":["https:\/\/inplantagro.com.br\/sobre-nos\/"]}]},{"@type":"BreadcrumbList","@id":"https:\/\/inplantagro.com.br\/sobre-nos\/#breadcrumb","itemListElement":[{"@type":"ListItem","position":1,"name":"In\u00edcio","item":"https:\/\/inplantagro.com.br\/"},{"@type":"ListItem","position":2,"name":"Sobre n\u00f3s"}]},{"@type":"WebSite","@id":"https:\/\/inplantagro.com.br\/#website","url":"https:\/\/inplantagro.com.br\/","name":"Inplant","description":"Uma empresa especializada em tecnologias voltadas para a produ\u00e7\u00e3o de mudas micropropagadas in vitro, biorreatores de imers\u00e3o tempor\u00e1ria e projetos personalizados.","potentialAction":[{"@type":"SearchAction","target":{"@type":"EntryPoint","urlTemplate":"https:\/\/inplantagro.com.br\/?s={search_term_string}"},"query-input":"required name=search_term_string"}],"inLanguage":"en-US"}]}},"_links":{"self":[{"href":"https:\/\/inplantagro.com.br\/en\/wp-json\/wp\/v2\/pages\/454"}],"collection":[{"href":"https:\/\/inplantagro.com.br\/en\/wp-json\/wp\/v2\/pages"}],"about":[{"href":"https:\/\/inplantagro.com.br\/en\/wp-json\/wp\/v2\/types\/page"}],"author":[{"embeddable":true,"href":"https:\/\/inplantagro.com.br\/en\/wp-json\/wp\/v2\/users\/1"}],"replies":[{"embeddable":true,"href":"https:\/\/inplantagro.com.br\/en\/wp-json\/wp\/v2\/comments?post=454"}],"version-history":[{"count":37,"href":"https:\/\/inplantagro.com.br\/en\/wp-json\/wp\/v2\/pages\/454\/revisions"}],"predecessor-version":[{"id":728,"href":"https:\/\/inplantagro.com.br\/en\/wp-json\/wp\/v2\/pages\/454\/revisions\/728"}],"wp:attachment":[{"href":"https:\/\/inplantagro.com.br\/en\/wp-json\/wp\/v2\/media?parent=454"}],"curies":[{"name":"wp","href":"https:\/\/api.w.org\/{rel}","templated":true}]}}