{"id":608,"date":"2024-04-10T17:32:37","date_gmt":"2024-04-10T20:32:37","guid":{"rendered":"https:\/\/inplantagro.com.br\/?page_id=608"},"modified":"2024-05-02T14:54:41","modified_gmt":"2024-05-02T17:54:41","slug":"home","status":"publish","type":"page","link":"https:\/\/inplantagro.com.br\/en\/","title":{"rendered":"Home"},"content":{"rendered":"<section class=\"wpb-content-wrapper\"><section  class=\"content-section no-spacing\" ><div id=\"home\" class=\"vc_row wpb_row vc_row-fluid vc_custom_1713553285651\"><div class=\"wpb_column vc_column_container vc_col-sm-12\"><div class=\"vc_column-inner vc_custom_1603778320534\"><div class=\"wpb_wrapper\"><header class=\"header\">\n  <div class=\"main-slider\">\n    <div class=\"swiper-wrapper\">\n            <div class=\"swiper-slide\">\n        <div class=\"slide-image\" data-background=\"https:\/\/inplantagro.com.br\/wp-content\/uploads\/2024\/05\/banner-1.jpg\"><\/div>\n\t\t          <!-- end slider-image -->\n        <div class=\"slide-inner\">\n          <h1>\n            Onde a Excel\u00eancia \u00e9 Cultivada          <\/h1>\n          <p>\n            desde a produ\u00e7\u00e3o de mudas at\u00e9 o campo.          <\/p>\n                    <a href=\"https:\/\/inplantagro.com.br\/en\/sobre-nos\/\"> Conhe\u00e7a a InPlant<\/a>\n                  <\/div>\n        <!-- end slide-inner --> \n      <\/div>\n      <!-- end swiper-slide -->\n            <div class=\"swiper-slide\">\n        <div class=\"slide-image\" data-background=\"https:\/\/inplantagro.com.br\/wp-content\/uploads\/2024\/05\/img-home.jpg\"><\/div>\n\t\t          <!-- end slider-image -->\n        <div class=\"slide-inner\">\n          <h1>\n            Produ\u00e7\u00e3o de mudas micropropagadas in vitro          <\/h1>\n          <p>\n            com qualidade, rastreabilidade e suporte em todas as etapas.          <\/p>\n                    <a href=\"https:\/\/inplantagro.com.br\/en\/nossos-servicos\/\"> Conhe\u00e7a nosso servi\u00e7os<\/a>\n                  <\/div>\n        <!-- end slide-inner --> \n      <\/div>\n      <!-- end swiper-slide -->\n            <div class=\"swiper-slide\">\n        <div class=\"slide-image\" data-background=\"https:\/\/inplantagro.com.br\/wp-content\/uploads\/2024\/05\/banner-3.jpg\"><\/div>\n\t\t          <!-- end slider-image -->\n        <div class=\"slide-inner\">\n          <h1>\n            Trabalhando juntos para cultivar o futuro:           <\/h1>\n          <p>\n            Seja um dos nossos parceiros          <\/p>\n                    <a href=\"https:\/\/inplantagro.com.br\/en\/parceiros\/\"> Nossos parceiros<\/a>\n                  <\/div>\n        <!-- end slide-inner --> \n      <\/div>\n      <!-- end swiper-slide -->\n          <\/div>\n    <!-- end swiper-wrapper -->\n    <div class=\"button-prev\"><i class=\"lni lni-chevron-left\"><\/i><\/div>\n    <!-- end button-prev -->\n    <div class=\"button-next\"><i class=\"lni lni-chevron-right\"><\/i><\/div>\n    <!-- end button-next -->\n    <div class=\"swiper-pagination\"><\/div>\n    <!-- end swiper-pagination -->\n\t  \n   \n      <\/div>\n  <!-- end main-slider --> \n  \n<\/header>\n<\/div><\/div><\/div><\/div><\/section><section  class=\"content-section no-spacing\" ><div class=\"container\"><div class=\"vc_row wpb_row vc_row-fluid vc_custom_1713553313714 vc_row-o-content-middle vc_row-flex\"><div class=\"wpb_column vc_column_container vc_col-sm-12 vc_col-md-6\"><div class=\"vc_column-inner\"><div class=\"wpb_wrapper\">\n\n\n\n<div class=\"side-content left\" >\n  \t<h2>Bem vindo \u00e0 InPlant<\/h2>\n<h6>Produ\u00e7\u00e3o de mudas micropropagadas invitro e biorreatores<\/h6>\n<p>A InPlant \u00e9 uma empresa especializada em biotecnologia, dedicada \u00e0 produ\u00e7\u00e3o de<br \/>\nclones de plantas com alta fidelidade gen\u00e9tica. Utilizamos m\u00e9todos de cultura in<br \/>\nvitro, promovendo assim a propaga\u00e7\u00e3o em larga escala de plantas saud\u00e1veis e<br \/>\nvigorosas, livres de pat\u00f3genos, para potencializar a produtividade agr\u00edcola.<\/p>\n      <a href=\"https:\/\/inplantagro.com.br\/en\/nossos-servicos\/\" class=\"custom-button\">Services<\/a>\n    <\/div>\n<\/div><\/div><\/div><div class=\"wpb_column vc_column_container vc_col-sm-12 vc_col-md-6\"><div class=\"vc_column-inner\"><div class=\"wpb_wrapper\"><div class=\"side-slider\" >\n\t<div class=\"slider\">\n  <div class=\"swiper-wrapper\">\n            <div class=\"swiper-slide\"> <img src=\"https:\/\/inplantagro.com.br\/wp-content\/uploads\/2024\/05\/img-home.jpg\" alt=\"Image\"> <\/div>\n          <\/div>\n  <!-- end swiper-wrapper -->\n  <div class=\"swiper-pagination\"><\/div>\n  <!-- end swiper-pagination --> \n\t\n\t\t \t\t<div class=\"note-box\">\n  Transformando cultivo com tecnologia\t\t<\/div>\n  \t\t\n       \n\t\t<\/div>\n\t<!-- end slider -->\n<\/div>\n<!-- end side-slider -->\n\n<\/div><\/div><\/div><\/div><\/div><\/section>\n<\/section>","protected":false},"excerpt":{"rendered":"","protected":false},"author":1,"featured_media":0,"parent":0,"menu_order":0,"comment_status":"closed","ping_status":"closed","template":"page-builder.php","meta":{"footnotes":"","_joinchat":[]},"yoast_head":"<!-- This site is optimized with the Yoast SEO plugin v20.10 - https:\/\/yoast.com\/wordpress\/plugins\/seo\/ -->\n<title>Home - Inplant<\/title>\n<meta name=\"robots\" content=\"index, follow, max-snippet:-1, max-image-preview:large, max-video-preview:-1\" \/>\n<link rel=\"canonical\" href=\"https:\/\/inplantagro.com.br\/en\/\" \/>\n<meta property=\"og:locale\" content=\"en_US\" \/>\n<meta property=\"og:type\" content=\"article\" \/>\n<meta property=\"og:title\" content=\"Home - Inplant\" \/>\n<meta property=\"og:url\" content=\"https:\/\/inplantagro.com.br\/en\/\" \/>\n<meta property=\"og:site_name\" content=\"Inplant\" \/>\n<meta property=\"article:modified_time\" content=\"2024-05-02T17:54:41+00:00\" \/>\n<meta name=\"twitter:card\" content=\"summary_large_image\" \/>\n<meta name=\"twitter:label1\" content=\"Est. reading time\" \/>\n\t<meta name=\"twitter:data1\" content=\"1 minute\" \/>\n<script type=\"application\/ld+json\" class=\"yoast-schema-graph\">{\"@context\":\"https:\/\/schema.org\",\"@graph\":[{\"@type\":\"WebPage\",\"@id\":\"https:\/\/inplantagro.com.br\/\",\"url\":\"https:\/\/inplantagro.com.br\/\",\"name\":\"Home - Inplant\",\"isPartOf\":{\"@id\":\"https:\/\/inplantagro.com.br\/#website\"},\"datePublished\":\"2024-04-10T20:32:37+00:00\",\"dateModified\":\"2024-05-02T17:54:41+00:00\",\"breadcrumb\":{\"@id\":\"https:\/\/inplantagro.com.br\/#breadcrumb\"},\"inLanguage\":\"en-US\",\"potentialAction\":[{\"@type\":\"ReadAction\",\"target\":[\"https:\/\/inplantagro.com.br\/\"]}]},{\"@type\":\"BreadcrumbList\",\"@id\":\"https:\/\/inplantagro.com.br\/#breadcrumb\",\"itemListElement\":[{\"@type\":\"ListItem\",\"position\":1,\"name\":\"In\u00edcio\",\"item\":\"https:\/\/inplantagro.com.br\/\"},{\"@type\":\"ListItem\",\"position\":2,\"name\":\"Home\"}]},{\"@type\":\"WebSite\",\"@id\":\"https:\/\/inplantagro.com.br\/#website\",\"url\":\"https:\/\/inplantagro.com.br\/\",\"name\":\"Inplant\",\"description\":\"Uma empresa especializada em tecnologias voltadas para a produ\u00e7\u00e3o de mudas micropropagadas in vitro, biorreatores de imers\u00e3o tempor\u00e1ria e projetos personalizados.\",\"potentialAction\":[{\"@type\":\"SearchAction\",\"target\":{\"@type\":\"EntryPoint\",\"urlTemplate\":\"https:\/\/inplantagro.com.br\/?s={search_term_string}\"},\"query-input\":\"required name=search_term_string\"}],\"inLanguage\":\"en-US\"}]}<\/script>\n<!-- \/ Yoast SEO plugin. -->","yoast_head_json":{"title":"Home - Inplant","robots":{"index":"index","follow":"follow","max-snippet":"max-snippet:-1","max-image-preview":"max-image-preview:large","max-video-preview":"max-video-preview:-1"},"canonical":"https:\/\/inplantagro.com.br\/en\/","og_locale":"en_US","og_type":"article","og_title":"Home - Inplant","og_url":"https:\/\/inplantagro.com.br\/en\/","og_site_name":"Inplant","article_modified_time":"2024-05-02T17:54:41+00:00","twitter_card":"summary_large_image","twitter_misc":{"Est. reading time":"1 minute"},"schema":{"@context":"https:\/\/schema.org","@graph":[{"@type":"WebPage","@id":"https:\/\/inplantagro.com.br\/","url":"https:\/\/inplantagro.com.br\/","name":"Home - Inplant","isPartOf":{"@id":"https:\/\/inplantagro.com.br\/#website"},"datePublished":"2024-04-10T20:32:37+00:00","dateModified":"2024-05-02T17:54:41+00:00","breadcrumb":{"@id":"https:\/\/inplantagro.com.br\/#breadcrumb"},"inLanguage":"en-US","potentialAction":[{"@type":"ReadAction","target":["https:\/\/inplantagro.com.br\/"]}]},{"@type":"BreadcrumbList","@id":"https:\/\/inplantagro.com.br\/#breadcrumb","itemListElement":[{"@type":"ListItem","position":1,"name":"In\u00edcio","item":"https:\/\/inplantagro.com.br\/"},{"@type":"ListItem","position":2,"name":"Home"}]},{"@type":"WebSite","@id":"https:\/\/inplantagro.com.br\/#website","url":"https:\/\/inplantagro.com.br\/","name":"Inplant","description":"Uma empresa especializada em tecnologias voltadas para a produ\u00e7\u00e3o de mudas micropropagadas in vitro, biorreatores de imers\u00e3o tempor\u00e1ria e projetos personalizados.","potentialAction":[{"@type":"SearchAction","target":{"@type":"EntryPoint","urlTemplate":"https:\/\/inplantagro.com.br\/?s={search_term_string}"},"query-input":"required name=search_term_string"}],"inLanguage":"en-US"}]}},"_links":{"self":[{"href":"https:\/\/inplantagro.com.br\/en\/wp-json\/wp\/v2\/pages\/608"}],"collection":[{"href":"https:\/\/inplantagro.com.br\/en\/wp-json\/wp\/v2\/pages"}],"about":[{"href":"https:\/\/inplantagro.com.br\/en\/wp-json\/wp\/v2\/types\/page"}],"author":[{"embeddable":true,"href":"https:\/\/inplantagro.com.br\/en\/wp-json\/wp\/v2\/users\/1"}],"replies":[{"embeddable":true,"href":"https:\/\/inplantagro.com.br\/en\/wp-json\/wp\/v2\/comments?post=608"}],"version-history":[{"count":11,"href":"https:\/\/inplantagro.com.br\/en\/wp-json\/wp\/v2\/pages\/608\/revisions"}],"predecessor-version":[{"id":754,"href":"https:\/\/inplantagro.com.br\/en\/wp-json\/wp\/v2\/pages\/608\/revisions\/754"}],"wp:attachment":[{"href":"https:\/\/inplantagro.com.br\/en\/wp-json\/wp\/v2\/media?parent=608"}],"curies":[{"name":"wp","href":"https:\/\/api.w.org\/{rel}","templated":true}]}}