{"id":620,"date":"2024-04-17T14:44:35","date_gmt":"2024-04-17T17:44:35","guid":{"rendered":"https:\/\/inplantagro.com.br\/?page_id=620"},"modified":"2024-04-22T09:45:29","modified_gmt":"2024-04-22T12:45:29","slug":"nossa-estrutura","status":"publish","type":"page","link":"https:\/\/inplantagro.com.br\/en\/nossa-estrutura\/","title":{"rendered":"Our structure"},"content":{"rendered":"<section class=\"wpb-content-wrapper\"><section  class=\"content-section\" ><div class=\"container\"><div class=\"vc_row wpb_row vc_row-fluid\"><div class=\"wpb_column vc_column_container vc_col-sm-12\"><div class=\"vc_column-inner\"><div class=\"wpb_wrapper\"><div class=\"section-title\"  style='color:#212529;' >\n\t\n\t\n\t\n\t\n\t \t<figure> <img src=\"https:\/\/inplantagro.com.br\/wp-content\/themes\/seodo\/images\/section-title-shape.png\" alt=\"Image\"> <\/figure>\n\t\t\n    <h6> Our structure <\/h6>\n      <h2>Capacidade produtiva e qualidade nos nossos processos!<\/h2>\n  \t\n\t <\/div>\n\n\t<div class=\"wpb_text_column wpb_content_element\" >\n\t\t<div class=\"wpb_wrapper\">\n\t\t\t<p style=\"text-align: center;\">Nosso Labor\u00e1torio tem atualmente a capacidade produtiva de 100mil mudas in vitro de cana por m\u00eas, ou 1.200.000 mudas\/ano.<\/p>\n\n\t\t<\/div>\n\t<\/div>\n\n<div class=\"vc_grid-container-wrapper vc_clearfix vc_grid-animation-zoomIn\">\n\t<div class=\"vc_grid-container vc_clearfix wpb_content_element vc_masonry_media_grid\" data-initial-loading-animation=\"zoomIn\" data-vc-grid-settings=\"{&quot;page_id&quot;:620,&quot;style&quot;:&quot;all-masonry&quot;,&quot;action&quot;:&quot;vc_get_vc_grid_data&quot;,&quot;shortcode_id&quot;:&quot;1713789893727-a20e0e16-f4d7-6&quot;,&quot;tag&quot;:&quot;vc_masonry_media_grid&quot;}\" data-vc-request=\"https:\/\/inplantagro.com.br\/wp-admin\/admin-ajax.php\" data-vc-post-id=\"620\" data-vc-public-nonce=\"66a4fe1e5c\">\n\t\t\n\t<\/div>\n<\/div><\/div><\/div><\/div><\/div><\/div><\/section>\n<\/section>","protected":false},"excerpt":{"rendered":"Nossa estrutura Capacidade produtiva e qualidade nos nossos processos! Nosso Labor\u00e1torio tem atualmente a capacidade produtiva de 100mil mudas in vitro de cana por m\u00eas, ou 1.200.000 mudas\/ano.","protected":false},"author":1,"featured_media":0,"parent":0,"menu_order":0,"comment_status":"closed","ping_status":"closed","template":"page-builder.php","meta":{"footnotes":"","_joinchat":[]},"yoast_head":"<!-- This site is optimized with the Yoast SEO plugin v20.10 - https:\/\/yoast.com\/wordpress\/plugins\/seo\/ -->\n<title>Nossa estrutura - Inplant<\/title>\n<meta name=\"robots\" content=\"index, follow, max-snippet:-1, max-image-preview:large, max-video-preview:-1\" \/>\n<link rel=\"canonical\" href=\"https:\/\/inplantagro.com.br\/en\/nossa-estrutura\/\" \/>\n<meta property=\"og:locale\" content=\"en_US\" \/>\n<meta property=\"og:type\" content=\"article\" \/>\n<meta property=\"og:title\" content=\"Nossa estrutura - Inplant\" \/>\n<meta property=\"og:url\" content=\"https:\/\/inplantagro.com.br\/en\/nossa-estrutura\/\" \/>\n<meta property=\"og:site_name\" content=\"Inplant\" \/>\n<meta property=\"article:modified_time\" content=\"2024-04-22T12:45:29+00:00\" \/>\n<meta name=\"twitter:card\" content=\"summary_large_image\" \/>\n<meta name=\"twitter:label1\" content=\"Est. reading time\" \/>\n\t<meta name=\"twitter:data1\" content=\"1 minute\" \/>\n<script type=\"application\/ld+json\" class=\"yoast-schema-graph\">{\"@context\":\"https:\/\/schema.org\",\"@graph\":[{\"@type\":\"WebPage\",\"@id\":\"https:\/\/inplantagro.com.br\/nossa-estrutura\/\",\"url\":\"https:\/\/inplantagro.com.br\/nossa-estrutura\/\",\"name\":\"Nossa estrutura - Inplant\",\"isPartOf\":{\"@id\":\"https:\/\/inplantagro.com.br\/#website\"},\"datePublished\":\"2024-04-17T17:44:35+00:00\",\"dateModified\":\"2024-04-22T12:45:29+00:00\",\"breadcrumb\":{\"@id\":\"https:\/\/inplantagro.com.br\/nossa-estrutura\/#breadcrumb\"},\"inLanguage\":\"en-US\",\"potentialAction\":[{\"@type\":\"ReadAction\",\"target\":[\"https:\/\/inplantagro.com.br\/nossa-estrutura\/\"]}]},{\"@type\":\"BreadcrumbList\",\"@id\":\"https:\/\/inplantagro.com.br\/nossa-estrutura\/#breadcrumb\",\"itemListElement\":[{\"@type\":\"ListItem\",\"position\":1,\"name\":\"In\u00edcio\",\"item\":\"https:\/\/inplantagro.com.br\/\"},{\"@type\":\"ListItem\",\"position\":2,\"name\":\"Nossa estrutura\"}]},{\"@type\":\"WebSite\",\"@id\":\"https:\/\/inplantagro.com.br\/#website\",\"url\":\"https:\/\/inplantagro.com.br\/\",\"name\":\"Inplant\",\"description\":\"Uma empresa especializada em tecnologias voltadas para a produ\u00e7\u00e3o de mudas micropropagadas in vitro, biorreatores de imers\u00e3o tempor\u00e1ria e projetos personalizados.\",\"potentialAction\":[{\"@type\":\"SearchAction\",\"target\":{\"@type\":\"EntryPoint\",\"urlTemplate\":\"https:\/\/inplantagro.com.br\/?s={search_term_string}\"},\"query-input\":\"required name=search_term_string\"}],\"inLanguage\":\"en-US\"}]}<\/script>\n<!-- \/ Yoast SEO plugin. -->","yoast_head_json":{"title":"Nossa estrutura - Inplant","robots":{"index":"index","follow":"follow","max-snippet":"max-snippet:-1","max-image-preview":"max-image-preview:large","max-video-preview":"max-video-preview:-1"},"canonical":"https:\/\/inplantagro.com.br\/en\/nossa-estrutura\/","og_locale":"en_US","og_type":"article","og_title":"Nossa estrutura - Inplant","og_url":"https:\/\/inplantagro.com.br\/en\/nossa-estrutura\/","og_site_name":"Inplant","article_modified_time":"2024-04-22T12:45:29+00:00","twitter_card":"summary_large_image","twitter_misc":{"Est. reading time":"1 minute"},"schema":{"@context":"https:\/\/schema.org","@graph":[{"@type":"WebPage","@id":"https:\/\/inplantagro.com.br\/nossa-estrutura\/","url":"https:\/\/inplantagro.com.br\/nossa-estrutura\/","name":"Nossa estrutura - Inplant","isPartOf":{"@id":"https:\/\/inplantagro.com.br\/#website"},"datePublished":"2024-04-17T17:44:35+00:00","dateModified":"2024-04-22T12:45:29+00:00","breadcrumb":{"@id":"https:\/\/inplantagro.com.br\/nossa-estrutura\/#breadcrumb"},"inLanguage":"en-US","potentialAction":[{"@type":"ReadAction","target":["https:\/\/inplantagro.com.br\/nossa-estrutura\/"]}]},{"@type":"BreadcrumbList","@id":"https:\/\/inplantagro.com.br\/nossa-estrutura\/#breadcrumb","itemListElement":[{"@type":"ListItem","position":1,"name":"In\u00edcio","item":"https:\/\/inplantagro.com.br\/"},{"@type":"ListItem","position":2,"name":"Nossa estrutura"}]},{"@type":"WebSite","@id":"https:\/\/inplantagro.com.br\/#website","url":"https:\/\/inplantagro.com.br\/","name":"Inplant","description":"Uma empresa especializada em tecnologias voltadas para a produ\u00e7\u00e3o de mudas micropropagadas in vitro, biorreatores de imers\u00e3o tempor\u00e1ria e projetos personalizados.","potentialAction":[{"@type":"SearchAction","target":{"@type":"EntryPoint","urlTemplate":"https:\/\/inplantagro.com.br\/?s={search_term_string}"},"query-input":"required name=search_term_string"}],"inLanguage":"en-US"}]}},"_links":{"self":[{"href":"https:\/\/inplantagro.com.br\/en\/wp-json\/wp\/v2\/pages\/620"}],"collection":[{"href":"https:\/\/inplantagro.com.br\/en\/wp-json\/wp\/v2\/pages"}],"about":[{"href":"https:\/\/inplantagro.com.br\/en\/wp-json\/wp\/v2\/types\/page"}],"author":[{"embeddable":true,"href":"https:\/\/inplantagro.com.br\/en\/wp-json\/wp\/v2\/users\/1"}],"replies":[{"embeddable":true,"href":"https:\/\/inplantagro.com.br\/en\/wp-json\/wp\/v2\/comments?post=620"}],"version-history":[{"count":10,"href":"https:\/\/inplantagro.com.br\/en\/wp-json\/wp\/v2\/pages\/620\/revisions"}],"predecessor-version":[{"id":721,"href":"https:\/\/inplantagro.com.br\/en\/wp-json\/wp\/v2\/pages\/620\/revisions\/721"}],"wp:attachment":[{"href":"https:\/\/inplantagro.com.br\/en\/wp-json\/wp\/v2\/media?parent=620"}],"curies":[{"name":"wp","href":"https:\/\/api.w.org\/{rel}","templated":true}]}}