{"id":9,"date":"2020-10-27T05:02:39","date_gmt":"2020-10-27T08:02:39","guid":{"rendered":"http:\/\/seodo.themezinho.net\/?page_id=9"},"modified":"2024-05-02T16:55:06","modified_gmt":"2024-05-02T19:55:06","slug":"home-bkp","status":"publish","type":"page","link":"https:\/\/inplantagro.com.br\/en\/home-bkp\/","title":{"rendered":"Home BKP"},"content":{"rendered":"<section class=\"wpb-content-wrapper\"><section  class=\"content-section no-spacing\" ><div id=\"home\" class=\"vc_row wpb_row vc_row-fluid vc_custom_1691843751953\"><div class=\"wpb_column vc_column_container vc_col-sm-12\"><div class=\"vc_column-inner vc_custom_1603778320534\"><div class=\"wpb_wrapper\"><header class=\"header\">\n  <div class=\"main-slider\">\n    <div class=\"swiper-wrapper\">\n            <div class=\"swiper-slide\">\n        <div class=\"slide-image\" data-background=\"https:\/\/inplantagro.com.br\/wp-content\/uploads\/2024\/05\/banner-1.jpg\"><\/div>\n\t\t          <!-- end slider-image -->\n        <div class=\"slide-inner\">\n          <h1>\n            Onde a Excel\u00eancia \u00e9 Cultivada          <\/h1>\n          <p>\n            desde a produ\u00e7\u00e3o de mudas at\u00e9 o campo.          <\/p>\n                    <a href=\"https:\/\/inplantagro.com.br\/en\/sobre-nos\/\"> Conhe\u00e7a a InPlant<\/a>\n                  <\/div>\n        <!-- end slide-inner --> \n      <\/div>\n      <!-- end swiper-slide -->\n            <div class=\"swiper-slide\">\n        <div class=\"slide-image\" data-background=\"https:\/\/inplantagro.com.br\/wp-content\/uploads\/2024\/05\/img-home.jpg\"><\/div>\n\t\t          <!-- end slider-image -->\n        <div class=\"slide-inner\">\n          <h1>\n            Produ\u00e7\u00e3o de mudas micropropagadas in vitro          <\/h1>\n          <p>\n            com qualidade, rastreabilidade e suporte em todas as etapas.          <\/p>\n                    <a href=\"https:\/\/inplantagro.com.br\/en\/nossos-servicos\/\"> Conhe\u00e7a nosso servi\u00e7os<\/a>\n                  <\/div>\n        <!-- end slide-inner --> \n      <\/div>\n      <!-- end swiper-slide -->\n            <div class=\"swiper-slide\">\n        <div class=\"slide-image\" data-background=\"https:\/\/inplantagro.com.br\/wp-content\/uploads\/2024\/05\/banner-3.jpg\"><\/div>\n\t\t          <!-- end slider-image -->\n        <div class=\"slide-inner\">\n          <h1>\n            Trabalhando juntos para cultivar o futuro:           <\/h1>\n          <p>\n            Seja um dos nossos parceiros          <\/p>\n                    <a href=\"https:\/\/inplantagro.com.br\/en\/parceiros\/\"> Nossos parceiros<\/a>\n                  <\/div>\n        <!-- end slide-inner --> \n      <\/div>\n      <!-- end swiper-slide -->\n          <\/div>\n    <!-- end swiper-wrapper -->\n    <div class=\"button-prev\"><i class=\"lni lni-chevron-left\"><\/i><\/div>\n    <!-- end button-prev -->\n    <div class=\"button-next\"><i class=\"lni lni-chevron-right\"><\/i><\/div>\n    <!-- end button-next -->\n    <div class=\"swiper-pagination\"><\/div>\n    <!-- end swiper-pagination -->\n\t  \n   \n      <\/div>\n  <!-- end main-slider --> \n  \n<\/header>\n<\/div><\/div><\/div><\/div><\/section><section  class=\"content-section no-spacing\" ><div class=\"container\"><div class=\"vc_row wpb_row vc_row-fluid vc_custom_1603961915955 vc_row-o-content-middle vc_row-flex\"><div class=\"wpb_column vc_column_container vc_col-sm-12 vc_col-md-6\"><div class=\"vc_column-inner\"><div class=\"wpb_wrapper\">\n\n\n\n<div class=\"side-content left\" >\n  \t<h2>Bem vindo \u00e0 InPlant<\/h2>\n<h6>Produ\u00e7\u00e3o de mudas micropropagadas in vitro e cultivo de plantas em ambientes modificados<\/h6>\n<p>Nossas t\u00e9cnicas de produ\u00e7\u00e3o de mudas resultam em mudas de alta qualidade e livres de doen\u00e7as. O cultivo de plantas em ambientes modificados permite o controle total do ambiente de cultivo, incluindo temperatura, umidade e suplementa\u00e7\u00e3o luminosa.<\/p>\n      <a href=\"#nosso-processo\" class=\"custom-button\">CONHE\u00c7A O NOSSO PROCESSO<\/a>\n    <\/div>\n<\/div><\/div><\/div><div class=\"wpb_column vc_column_container vc_col-sm-12 vc_col-md-6\"><div class=\"vc_column-inner\"><div class=\"wpb_wrapper\"><div class=\"side-slider\" >\n\t<div class=\"slider\">\n  <div class=\"swiper-wrapper\">\n            <div class=\"swiper-slide\"> <img src=\"https:\/\/inplantagro.com.br\/wp-content\/uploads\/2023\/08\/box-welcome.jpg\" alt=\"Image\"> <\/div>\n          <\/div>\n  <!-- end swiper-wrapper -->\n  <div class=\"swiper-pagination\"><\/div>\n  <!-- end swiper-pagination --> \n\t\n\t\t \t\t<div class=\"note-box\">\n  Transformando cultivo com tecnologia\t\t<\/div>\n  \t\t\n       \n\t\t<\/div>\n\t<!-- end slider -->\n<\/div>\n<!-- end side-slider -->\n\n<\/div><\/div><\/div><\/div><\/div><\/section><section  class=\"content-section\" ><div class=\"container\"><div id=\"conheca-nosso-processo\" class=\"vc_row wpb_row vc_row-fluid\"><div class=\"wpb_column vc_column_container vc_col-sm-4\"><div class=\"vc_column-inner\"><div class=\"wpb_wrapper\"><div class=\"image-content-box\" >\n    <h5>Produ\u00e7\u00e3o das mudas<\/h5>\n    <figure>\n        <img src=\"https:\/\/inplantagro.com.br\/wp-content\/uploads\/2023\/08\/producao-mudas.jpg\" alt=\"producao-mudas\">\n      <\/figure>\n    <p>O problema significativo enfrentado no mercado est\u00e1 relacionado \u00e0 escassez de mudas adequadas para expandir \u00e1reas de produ\u00e7\u00e3o, o que impacta a capacidade de atender \u00e0 crescente demanda por \u00f3leos essenciais e extratos naturais.<\/p>\n  <\/div>\n<\/div><\/div><\/div><div class=\"wpb_column vc_column_container vc_col-sm-4\"><div class=\"vc_column-inner\"><div class=\"wpb_wrapper\"><div class=\"image-content-box\" >\n    <h5>Cultivo controlado<\/h5>\n    <figure>\n        <img src=\"https:\/\/inplantagro.com.br\/wp-content\/uploads\/2023\/08\/cultivo-ambiente-controlado.jpg\" alt=\"cultivo-ambiente-controlado\">\n      <\/figure>\n    <p>Cultivar plantas para atingir padr\u00f5es de \u00f3leos essencial \u00e9 outro desafio. Alcan\u00e7ar par\u00e2metros desejados de qualidade, composi\u00e7\u00e3o qu\u00edmica e rendimento exige trabalho meticuloso e padroniza\u00e7\u00e3o precisa.<\/p>\n  <\/div>\n<\/div><\/div><\/div><div class=\"wpb_column vc_column_container vc_col-sm-4\"><div class=\"vc_column-inner\"><div class=\"wpb_wrapper\"><div class=\"image-content-box\" >\n    <h5>\u00d3leos ess\u00eancias<\/h5>\n    <figure>\n        <img src=\"https:\/\/inplantagro.com.br\/wp-content\/uploads\/2023\/08\/extracao-de-oleos-essenciais.jpg\" alt=\"extracao-de-oleos-essenciais\">\n      <\/figure>\n    <p>O aumento da demanda por \u00f3leos essenciais n\u00e3o tem sido proporcionalmente acompanhado com um aumento na produ\u00e7\u00e3o de mat\u00e9rias-primas, o que representa uma amea\u00e7a ao mercado devido \u00e0 redu\u00e7\u00e3o na oferta desses insumos.<\/p>\n  <\/div>\n<\/div><\/div><\/div><\/div><\/div><\/section><section  class=\"content-section bg-image no-spacing\" style=\"background: url(https:\/\/inplantagro.com.br\/wp-content\/uploads\/2023\/08\/bg-o-que-fazemos.jpg) center no-repeat; \"><div class=\"container\"><div id=\"o-que-oferecemos\" class=\"vc_row wpb_row vc_row-fluid vc_custom_1691844497125\"><div class=\"wpb_column vc_column_container vc_col-sm-12\"><div class=\"vc_column-inner\"><div class=\"wpb_wrapper\"><div class=\"vc_row wpb_row vc_inner vc_row-fluid\"><div class=\"wpb_column vc_column_container vc_col-sm-9 vc_col-md-4\/5\"><div class=\"vc_column-inner\"><div class=\"wpb_wrapper\"><div class=\"services-list-box\" >\n    <h5> O QUE FAZEMOS <\/h5>\n      <h2>Nosso processo<\/h2>\n    <ul>\n            <li>\n      <figure> <img src=\"https:\/\/inplantagro.com.br\/wp-content\/uploads\/2020\/10\/icon01.png\" alt=\"Produ\u00e7\u00e3o de mudas\"><\/figure>\n      <div class=\"content\">\n                <h6>Produ\u00e7\u00e3o de mudas<\/h6>\n                        <p>Selecionamos as melhores matrizes para serem micropropagadas utilizando as fermentas biotecnol\u00f3gicas mais avan\u00e7adas.<\/p>\n              <\/div>\n      <!-- end content --> \n    <\/li>\n                <li>\n      <figure> <img src=\"https:\/\/inplantagro.com.br\/wp-content\/uploads\/2020\/10\/icon07.png\" alt=\"Cultivo em ambiente controlado\"><\/figure>\n      <div class=\"content\">\n                <h6>Cultivo em ambiente controlado<\/h6>\n                        <p>Nos permite adequar o ambiente \u00e0s necessidades de cada cultura em termos de temperatura, umidade e suplementa\u00e7\u00e3o luminosa, tendo o espectro luminoso como enfoque atrav\u00e9s do desenvolvimento de ilumina\u00e7\u00e3o LED din\u00e2mica program\u00e1vel, alimentada por intelig\u00eancia artificial.<\/p>\n              <\/div>\n      <!-- end content --> \n    <\/li>\n          <\/ul>\n<\/div>\n\n<\/div><\/div><\/div><\/div><\/div><\/div><\/div><\/div><\/div><\/section><section  class=\"content-section\" ><div class=\"container\"><div id=\"sobre-nos\" class=\"vc_row wpb_row vc_row-fluid\"><div class=\"wpb_column vc_column_container vc_col-sm-12\"><div class=\"vc_column-inner\"><div class=\"wpb_wrapper\"><div class=\"vc_row wpb_row vc_inner vc_row-fluid\"><div class=\"wpb_column vc_column_container vc_col-sm-12\"><div class=\"vc_column-inner\"><div class=\"wpb_wrapper\"><div class=\"section-title\"  style='color:#212529;' >\n\t\n\t\n\t\n\t\n\t \t<figure> <img src=\"https:\/\/inplantagro.com.br\/wp-content\/themes\/seodo\/images\/section-title-shape.png\" alt=\"Image\"> <\/figure>\n\t\t\n    <h6> About us <\/h6>\n      <h2>\u00c9 uma satisfa\u00e7\u00e3o compartilhar nossa hist\u00f3ria com voc\u00ea.<\/h2>\n  \t\n\t <\/div>\n<\/div><\/div><\/div><\/div><div class=\"vc_row wpb_row vc_inner vc_row-fluid vc_row-o-content-middle vc_row-flex\"><div class=\"wpb_column vc_column_container vc_col-sm-12 vc_col-md-2\/5\"><div class=\"vc_column-inner\"><div class=\"wpb_wrapper\"><figure class=\"side-image\" > <img src=\"https:\/\/inplantagro.com.br\/wp-content\/uploads\/2023\/08\/equipe.jpg\" alt=\"Image\">\n\n\n\t\t\n\t\t\n\t\n<\/figure>\n<\/div><\/div><\/div><div class=\"wpb_column vc_column_container vc_col-sm-12 vc_col-md-3\/5\"><div class=\"vc_column-inner\"><div class=\"wpb_wrapper\">\n\n\n\n<div class=\"side-content right\" >\n  \t<p>InPlant nasceu da jun\u00e7\u00e3o de uma equipe de engenheiros especializados, com conhecimento nas \u00e1reas de produ\u00e7\u00e3o de mudas, controle ambiental e \u00f3leos e extratos vegetais. Conquistamos uma excelente coloca\u00e7\u00e3o em um desafio proposto pela NASA para produ\u00e7\u00e3o de alimento no espa\u00e7o, o que nos impulsionou a desenvolver as melhores t\u00e9cnicas e processos para a produ\u00e7\u00e3o de mudas, o cultivo em campo e a extra\u00e7\u00e3o de \u00f3leos essenciais e extratos vegetais.<\/p>\n      <\/div>\n<\/div><\/div><\/div><\/div><div class=\"vc_row wpb_row vc_inner vc_row-fluid vc_row-o-content-middle vc_row-flex\"><div class=\"wpb_column vc_column_container vc_col-sm-12 vc_col-md-3\/5\"><div class=\"vc_column-inner\"><div class=\"wpb_wrapper\">\n\n\n\n<div class=\"side-content right\" >\n  \t<p>Dispomos de um laborat\u00f3rio pr\u00f3prio de micropropaga\u00e7\u00e3o de plantas, onde selecionamos e clonamos as melhores matrizes, assumindo o controle de todo o processo, desde a produ\u00e7\u00e3o das mudas com o uso de avan\u00e7adas ferramentas biotecnol\u00f3gicas, at\u00e9 o desenvolvimento das plantas em campo, a colheita e o processamento. Todas essas etapas s\u00e3o realizadas internamente, garantindo a qualidade e pureza dos nossos produtos.<\/p>\n      <\/div>\n<\/div><\/div><\/div><div class=\"wpb_column vc_column_container vc_col-sm-12 vc_col-md-2\/5\"><div class=\"vc_column-inner\"><div class=\"wpb_wrapper\"><figure class=\"side-image\" > <img src=\"https:\/\/inplantagro.com.br\/wp-content\/uploads\/2023\/08\/incubadora.jpg\" alt=\"Image\">\n\n\n\t\t\n\t\t\n\t\n<\/figure>\n<\/div><\/div><\/div><\/div><\/div><\/div><\/div><\/div><\/div><\/section><section  class=\"content-section\" ><div class=\"container\"><div class=\"vc_row wpb_row vc_row-fluid\"><div class=\"wpb_column vc_column_container vc_col-sm-12\"><div class=\"vc_column-inner\"><div class=\"wpb_wrapper\"><div class=\"vc_row wpb_row vc_inner vc_row-fluid\"><div class=\"wpb_column vc_column_container vc_col-sm-12\"><div class=\"vc_column-inner\"><div class=\"wpb_wrapper\"><div class=\"section-title\"  style='color:#212529;' >\n\t\n\t\n\t\n\t\n\t \t<figure> <img src=\"https:\/\/inplantagro.com.br\/wp-content\/themes\/seodo\/images\/section-title-shape.png\" alt=\"Image\"> <\/figure>\n\t\t\n    <h6> Nossos parceiros <\/h6>\n      <h2>Parceiros que compartilham conhecimento e experi\u00eancia!<\/h2>\n  \t\n\t <\/div>\n<\/div><\/div><\/div><\/div><div class=\"vc_row wpb_row vc_inner vc_row-fluid\"><div class=\"wpb_column vc_column_container vc_col-sm-1\/5\"><div class=\"vc_column-inner\"><div class=\"wpb_wrapper\"><figure class=\"logo-item\" > <img src=\"https:\/\/inplantagro.com.br\/wp-content\/uploads\/2023\/08\/lctpo.jpg\" alt=\"Image\"> <\/figure>\n<\/div><\/div><\/div><div class=\"wpb_column vc_column_container vc_col-sm-1\/5\"><div class=\"vc_column-inner\"><div class=\"wpb_wrapper\"><figure class=\"logo-item\" > <img src=\"https:\/\/inplantagro.com.br\/wp-content\/uploads\/2023\/08\/wbgi.jpg\" alt=\"Image\"> <\/figure>\n<\/div><\/div><\/div><div class=\"wpb_column vc_column_container vc_col-sm-1\/5\"><div class=\"vc_column-inner\"><div class=\"wpb_wrapper\"><figure class=\"logo-item\" > <img src=\"https:\/\/inplantagro.com.br\/wp-content\/uploads\/2023\/08\/esalqtec.jpg\" alt=\"Image\"> <\/figure>\n<\/div><\/div><\/div><div class=\"wpb_column vc_column_container vc_col-sm-1\/5\"><div class=\"vc_column-inner\"><div class=\"wpb_wrapper\"><figure class=\"logo-item\" > <img src=\"https:\/\/inplantagro.com.br\/wp-content\/uploads\/2023\/08\/pecege.jpg\" alt=\"Image\"> <\/figure>\n<\/div><\/div><\/div><div class=\"wpb_column vc_column_container vc_col-sm-1\/5\"><div class=\"vc_column-inner\"><div class=\"wpb_wrapper\"><figure class=\"logo-item\" > <img src=\"https:\/\/inplantagro.com.br\/wp-content\/uploads\/2023\/08\/esalq.jpg\" alt=\"Image\"> <\/figure>\n<\/div><\/div><\/div><\/div><\/div><\/div><\/div><\/div><\/div><\/section><section  class=\"content-section\" ><div class=\"container\"><div id=\"contato\" class=\"vc_row wpb_row vc_row-fluid\"><div class=\"wpb_column vc_column_container vc_col-sm-12\"><div class=\"vc_column-inner\"><div class=\"wpb_wrapper\"><div class=\"vc_row wpb_row vc_inner vc_row-fluid\"><div class=\"wpb_column vc_column_container vc_col-sm-12\"><div class=\"vc_column-inner\"><div class=\"wpb_wrapper\"><div class=\"section-title\"  style='color:#212529;' >\n\t\n\t\n\t\n\t\n\t \t\n    <h6> Contact <\/h6>\n      <h2>Entre em contato conosco<\/h2>\n  \t\n\t <\/div>\n<\/div><\/div><\/div><\/div>\n<div class=\"wpcf7 no-js\" id=\"wpcf7-f7-o1\" lang=\"pt-BR\" dir=\"ltr\">\n<div class=\"screen-reader-response\"><p role=\"status\" aria-live=\"polite\" aria-atomic=\"true\"><\/p> <ul><\/ul><\/div>\n<form action=\"\/en\/wp-json\/wp\/v2\/pages\/9#wpcf7-f7-o1\" method=\"post\" class=\"wpcf7-form init\" aria-label=\"Formul\u00e1rios de contato\" novalidate=\"novalidate\" data-status=\"init\" data-trp-original-action=\"\/en\/wp-json\/wp\/v2\/pages\/9#wpcf7-f7-o1\">\n<div style=\"display: none;\">\n<input type=\"hidden\" name=\"_wpcf7\" value=\"7\" \/>\n<input type=\"hidden\" name=\"_wpcf7_version\" value=\"5.8\" \/>\n<input type=\"hidden\" name=\"_wpcf7_locale\" value=\"pt_BR\" \/>\n<input type=\"hidden\" name=\"_wpcf7_unit_tag\" value=\"wpcf7-f7-o1\" \/>\n<input type=\"hidden\" name=\"_wpcf7_container_post\" value=\"0\" \/>\n<input type=\"hidden\" name=\"_wpcf7_posted_data_hash\" value=\"\" \/>\n<\/div>\n<div class=\"row\">\n\t<div class=\"col-md-6\">\n\t\t<p><label>Nome*<\/label><br \/>\n<span class=\"wpcf7-form-control-wrap\" data-name=\"nome\"><input size=\"40\" class=\"wpcf7-form-control wpcf7-text wpcf7-validates-as-required form-control\" aria-required=\"true\" aria-invalid=\"false\" value=\"\" type=\"text\" name=\"nome\" \/><\/span>\n\t\t<\/p>\n\t<\/div>\n\t<div class=\"col-md-6\">\n\t\t<p><label>E-mail*<\/label><br \/>\n<span class=\"wpcf7-form-control-wrap\" data-name=\"email\"><input size=\"40\" class=\"wpcf7-form-control wpcf7-email wpcf7-validates-as-required wpcf7-text wpcf7-validates-as-email form-control\" aria-required=\"true\" aria-invalid=\"false\" value=\"\" type=\"email\" name=\"email\" \/><\/span>\n\t\t<\/p>\n\t<\/div>\n\t<div class=\"col-md-6\" style=\"margin-top:20px;\">\n\t\t<p><label>Telefone*<\/label><br \/>\n<span class=\"wpcf7-form-control-wrap\" data-name=\"telefone\"><input size=\"40\" class=\"wpcf7-form-control wpcf7-text wpcf7-validates-as-required form-control\" aria-required=\"true\" aria-invalid=\"false\" placeholder=\"com DDD\" value=\"\" type=\"text\" name=\"telefone\" \/><\/span>\n\t\t<\/p>\n\t<\/div>\n\t<div class=\"col-md-6\" style=\"margin-top:20px;\">\n\t\t<p><label>Assunto*<\/label><br \/>\n<span class=\"wpcf7-form-control-wrap\" data-name=\"assunto\"><input size=\"40\" class=\"wpcf7-form-control wpcf7-text wpcf7-validates-as-required form-control\" aria-required=\"true\" aria-invalid=\"false\" value=\"\" type=\"text\" name=\"assunto\" \/><\/span>\n\t\t<\/p>\n\t<\/div>\n\t<div class=\"col-md-12\" style=\"margin-top:20px;\">\n\t\t<p><label>Mensagem*<\/label><br \/>\n<span class=\"wpcf7-form-control-wrap\" data-name=\"mensagem\"><textarea cols=\"40\" rows=\"10\" class=\"wpcf7-form-control wpcf7-textarea wpcf7-validates-as-required form-control\" aria-required=\"true\" aria-invalid=\"false\" name=\"mensagem\"><\/textarea><\/span>\n\t\t<\/p>\n\t<\/div>\n\t<div class=\"col-md-12\" style=\"margin-top:20px;\">\n\t\t<p><input class=\"wpcf7-form-control wpcf7-submit has-spinner\" type=\"submit\" value=\"Enviar\" \/>\n\t\t<\/p>\n\t<\/div>\n<\/div><div class=\"wpcf7-response-output\" aria-hidden=\"true\"><\/div>\n<input type=\"hidden\" name=\"trp-form-language\" value=\"en\"\/><\/form>\n<\/div>\n<\/div><\/div><\/div><\/div><\/div><\/section>\n<\/section>","protected":false},"excerpt":{"rendered":"","protected":false},"author":1,"featured_media":0,"parent":0,"menu_order":0,"comment_status":"closed","ping_status":"closed","template":"page-builder.php","meta":{"footnotes":"","_joinchat":[]},"yoast_head":"<!-- This site is optimized with the Yoast SEO plugin v20.10 - https:\/\/yoast.com\/wordpress\/plugins\/seo\/ -->\n<title>Home BKP - Inplant<\/title>\n<meta name=\"robots\" content=\"index, follow, max-snippet:-1, max-image-preview:large, max-video-preview:-1\" \/>\n<link rel=\"canonical\" href=\"https:\/\/inplantagro.com.br\/en\/home-bkp\/\" \/>\n<meta property=\"og:locale\" content=\"en_US\" \/>\n<meta property=\"og:type\" content=\"article\" \/>\n<meta property=\"og:title\" content=\"Home BKP - Inplant\" \/>\n<meta property=\"og:url\" content=\"https:\/\/inplantagro.com.br\/en\/home-bkp\/\" \/>\n<meta property=\"og:site_name\" content=\"Inplant\" \/>\n<meta property=\"article:modified_time\" content=\"2024-05-02T19:55:06+00:00\" \/>\n<meta name=\"twitter:card\" content=\"summary_large_image\" \/>\n<meta name=\"twitter:label1\" content=\"Est. reading time\" \/>\n\t<meta name=\"twitter:data1\" content=\"4 minutes\" \/>\n<script type=\"application\/ld+json\" class=\"yoast-schema-graph\">{\"@context\":\"https:\/\/schema.org\",\"@graph\":[{\"@type\":\"WebPage\",\"@id\":\"https:\/\/inplantagro.com.br\/home-bkp\/\",\"url\":\"https:\/\/inplantagro.com.br\/home-bkp\/\",\"name\":\"Home BKP - Inplant\",\"isPartOf\":{\"@id\":\"https:\/\/inplantagro.com.br\/#website\"},\"datePublished\":\"2020-10-27T08:02:39+00:00\",\"dateModified\":\"2024-05-02T19:55:06+00:00\",\"breadcrumb\":{\"@id\":\"https:\/\/inplantagro.com.br\/home-bkp\/#breadcrumb\"},\"inLanguage\":\"en-US\",\"potentialAction\":[{\"@type\":\"ReadAction\",\"target\":[\"https:\/\/inplantagro.com.br\/home-bkp\/\"]}]},{\"@type\":\"BreadcrumbList\",\"@id\":\"https:\/\/inplantagro.com.br\/home-bkp\/#breadcrumb\",\"itemListElement\":[{\"@type\":\"ListItem\",\"position\":1,\"name\":\"In\u00edcio\",\"item\":\"https:\/\/inplantagro.com.br\/\"},{\"@type\":\"ListItem\",\"position\":2,\"name\":\"Home BKP\"}]},{\"@type\":\"WebSite\",\"@id\":\"https:\/\/inplantagro.com.br\/#website\",\"url\":\"https:\/\/inplantagro.com.br\/\",\"name\":\"Inplant\",\"description\":\"Uma empresa especializada em tecnologias voltadas para a produ\u00e7\u00e3o de mudas micropropagadas in vitro, biorreatores de imers\u00e3o tempor\u00e1ria e projetos personalizados.\",\"potentialAction\":[{\"@type\":\"SearchAction\",\"target\":{\"@type\":\"EntryPoint\",\"urlTemplate\":\"https:\/\/inplantagro.com.br\/?s={search_term_string}\"},\"query-input\":\"required name=search_term_string\"}],\"inLanguage\":\"en-US\"}]}<\/script>\n<!-- \/ Yoast SEO plugin. -->","yoast_head_json":{"title":"Home BKP - Inplant","robots":{"index":"index","follow":"follow","max-snippet":"max-snippet:-1","max-image-preview":"max-image-preview:large","max-video-preview":"max-video-preview:-1"},"canonical":"https:\/\/inplantagro.com.br\/en\/home-bkp\/","og_locale":"en_US","og_type":"article","og_title":"Home BKP - Inplant","og_url":"https:\/\/inplantagro.com.br\/en\/home-bkp\/","og_site_name":"Inplant","article_modified_time":"2024-05-02T19:55:06+00:00","twitter_card":"summary_large_image","twitter_misc":{"Est. reading time":"4 minutes"},"schema":{"@context":"https:\/\/schema.org","@graph":[{"@type":"WebPage","@id":"https:\/\/inplantagro.com.br\/home-bkp\/","url":"https:\/\/inplantagro.com.br\/home-bkp\/","name":"Home BKP - Inplant","isPartOf":{"@id":"https:\/\/inplantagro.com.br\/#website"},"datePublished":"2020-10-27T08:02:39+00:00","dateModified":"2024-05-02T19:55:06+00:00","breadcrumb":{"@id":"https:\/\/inplantagro.com.br\/home-bkp\/#breadcrumb"},"inLanguage":"en-US","potentialAction":[{"@type":"ReadAction","target":["https:\/\/inplantagro.com.br\/home-bkp\/"]}]},{"@type":"BreadcrumbList","@id":"https:\/\/inplantagro.com.br\/home-bkp\/#breadcrumb","itemListElement":[{"@type":"ListItem","position":1,"name":"In\u00edcio","item":"https:\/\/inplantagro.com.br\/"},{"@type":"ListItem","position":2,"name":"Home BKP"}]},{"@type":"WebSite","@id":"https:\/\/inplantagro.com.br\/#website","url":"https:\/\/inplantagro.com.br\/","name":"Inplant","description":"Uma empresa especializada em tecnologias voltadas para a produ\u00e7\u00e3o de mudas micropropagadas in vitro, biorreatores de imers\u00e3o tempor\u00e1ria e projetos personalizados.","potentialAction":[{"@type":"SearchAction","target":{"@type":"EntryPoint","urlTemplate":"https:\/\/inplantagro.com.br\/?s={search_term_string}"},"query-input":"required name=search_term_string"}],"inLanguage":"en-US"}]}},"_links":{"self":[{"href":"https:\/\/inplantagro.com.br\/en\/wp-json\/wp\/v2\/pages\/9"}],"collection":[{"href":"https:\/\/inplantagro.com.br\/en\/wp-json\/wp\/v2\/pages"}],"about":[{"href":"https:\/\/inplantagro.com.br\/en\/wp-json\/wp\/v2\/types\/page"}],"author":[{"embeddable":true,"href":"https:\/\/inplantagro.com.br\/en\/wp-json\/wp\/v2\/users\/1"}],"replies":[{"embeddable":true,"href":"https:\/\/inplantagro.com.br\/en\/wp-json\/wp\/v2\/comments?post=9"}],"version-history":[{"count":20,"href":"https:\/\/inplantagro.com.br\/en\/wp-json\/wp\/v2\/pages\/9\/revisions"}],"predecessor-version":[{"id":734,"href":"https:\/\/inplantagro.com.br\/en\/wp-json\/wp\/v2\/pages\/9\/revisions\/734"}],"wp:attachment":[{"href":"https:\/\/inplantagro.com.br\/en\/wp-json\/wp\/v2\/media?parent=9"}],"curies":[{"name":"wp","href":"https:\/\/api.w.org\/{rel}","templated":true}]}}